{"id":20110,"date":"2025-06-12T16:36:40","date_gmt":"2025-06-12T19:36:40","guid":{"rendered":"https:\/\/rypro.com.br\/?page_id=20110"},"modified":"2025-06-13T19:10:09","modified_gmt":"2025-06-13T22:10:09","slug":"productos","status":"publish","type":"page","link":"https:\/\/rypro.com.br\/es\/productos\/","title":{"rendered":"Productos"},"content":{"rendered":"\n\t\t\t<div id=\"products-block_ef8282e8a3331648bd6acea64af00347\" class=\"block block--products  products--default products-list \"   pace=\"9\" cat=\"\">\n\n                <div class=\"container\"> \n\n\t\n\t\n    \t\t\t\t\t<div class=\"block--content\">\n    \n                        <div class=\"swiper-wrapper\">\n                            \n\t\n\t\t    \n\t\t\t\t\t\t\t<div class=\"swiper-slide\">\n\n                                <div class=\"product--item\">                                    \n\n\t\t\t\t\t\t\t\t\t\t\t\t\t\t\t\t\t\t\t\t\t\t\t\t\t\t\t<a href=\"https:\/\/rypro.com.br\/es\/produto\/speed-mix-2\/\" target=\"_blank\" title=\"Speed Mix\">\n\t\t\t\t\t\t\t\t\t\n\t\t\t\t\t\t\t\t\t\t<img decoding=\"async\" src=\"https:\/\/rypro.com.br\/wp-content\/uploads\/2025\/10\/rypro.com.br-comander-comander-1024x791.png\" alt=\"Comander\">\n\n\t\t\t\t\t\t\t\t\t\t\t\t<span class=\"product-category\">Preparaci\u00f3n de caldo<\/span>\n\t\t\t\t\t\t\t\t\t\t\t\t<span class=\"product-title\">Speed Mix<\/span>\n\t\t\t\t\t\t\t\t\t\t<span class=\"product-description\">Speed Mix Turbo es la soluci\u00f3n para obtener m\u00e1s eficiencia en la preparaci\u00f3n de caldo para pulverizaci\u00f3n. Facilita la incorporaci\u00f3n de productos, l\u00edquidos o en polvo, y mejora la calidad del caldo.\n<\/span>\n\t\t\t\t\t\t\t\t\t\t<span class=\"btn btn-primary-reverse btn-rounded\">Ver productos <i class=\"icon-arrow-right\"><\/i><\/span>\n\n\t\t\t\t\t\t\t\t\t\t\t\t\t\t\t\t\t\t\t<\/a>\n\t\t\t\t\t\t\t\t\t\t\t\t\t\t\t\t\t        \n                                <\/div>\n\n                            <\/div>\n    \n    \n\t\t    \n\t\t\t\t\t\t\t<div class=\"swiper-slide\">\n\n                                <div class=\"product--item\">                                    \n\n\t\t\t\t\t\t\t\t\t\t\t\t\t\t\t\t\t\t\t\t\t\t\t\t\t\t\t<a href=\"https:\/\/rypro.com.br\/es\/produto\/caja-multiuso-2\/\" target=\"_blank\" title=\"Caja Multiuso\">\n\t\t\t\t\t\t\t\t\t\n\t\t\t\t\t\t\t\t\t\t<img decoding=\"async\" src=\"https:\/\/rypro.com.br\/wp-content\/uploads\/2025\/09\/rypro.com.br-hidrobag-hidrobag-4-1024x819.png\" alt=\"HidroBag (4)\">\n\n\t\t\t\t\t\t\t\t\t\t\t\t<span class=\"product-category\">Otros Productos<\/span>\n\t\t\t\t\t\t\t\t\t\t\t\t<span class=\"product-title\">Caja Multiuso<\/span>\n\t\t\t\t\t\t\t\t\t\t<span class=\"product-description\">Las cajas multiuso son una excelente soluci\u00f3n para transporte y almacenamiento, ya que mantienen el producto en un ambiente seco, seguro y protegido.<\/span>\n\t\t\t\t\t\t\t\t\t\t<span class=\"btn btn-primary-reverse btn-rounded\">Ver productos <i class=\"icon-arrow-right\"><\/i><\/span>\n\n\t\t\t\t\t\t\t\t\t\t\t\t\t\t\t\t\t\t\t<\/a>\n\t\t\t\t\t\t\t\t\t\t\t\t\t\t\t\t\t        \n                                <\/div>\n\n                            <\/div>\n    \n    \n\t\t    \n\t\t\t\t\t\t\t<div class=\"swiper-slide\">\n\n                                <div class=\"product--item\">                                    \n\n\t\t\t\t\t\t\t\t\t\t\t\t\t\t\t\t\t\t\t\t\t\t\t\t\t\t\t<a href=\"https:\/\/rypro.com.br\/es\/produto\/tanques-horizontales\/\" target=\"_blank\" title=\"Tanques horizontales\">\n\t\t\t\t\t\t\t\t\t\n\t\t\t\t\t\t\t\t\t\t<img decoding=\"async\" src=\"https:\/\/rypro.com.br\/wp-content\/uploads\/2025\/05\/rypro.com.br-tanques-horizontais-tanque-horizontal-50.webp\" alt=\"tanque-horizontal-50\">\n\n\t\t\t\t\t\t\t\t\t\t\t\t<span class=\"product-category\">Almacenamiento y Gesti\u00f3n de L\u00edquidos<\/span>\n\t\t\t\t\t\t\t\t\t\t\t\t<span class=\"product-title\">Tanques horizontales<\/span>\n\t\t\t\t\t\t\t\t\t\t<span class=\"product-description\">Los Tanques horizontales son la soluci\u00f3n para almacenar y transportar l\u00edquidos en su propiedad. Est\u00e1n hec os de polietileno con alta resistencia y por ello no se herrumbran y ofrecen una mayor durabilidad. Los tanques horizontales tienen rompeolas que reducen el movimiento interno del l\u00edquido cuando el tanque est\u00e1 en movimiento y brindan m\u00e1s seguridad en las operaciones.<\/span>\n\t\t\t\t\t\t\t\t\t\t<span class=\"btn btn-primary-reverse btn-rounded\">Ver productos <i class=\"icon-arrow-right\"><\/i><\/span>\n\n\t\t\t\t\t\t\t\t\t\t\t\t\t\t\t\t\t\t\t<\/a>\n\t\t\t\t\t\t\t\t\t\t\t\t\t\t\t\t\t        \n                                <\/div>\n\n                            <\/div>\n    \n    \n\t\t    \n\t\t\t\t\t\t\t<div class=\"swiper-slide\">\n\n                                <div class=\"product--item\">                                    \n\n\t\t\t\t\t\t\t\t\t\t\t\t\t\t\t\t\t\t\t\t\t\t\t\t\t\t\t<a href=\"https:\/\/rypro.com.br\/es\/produto\/speed-mix-premium-thermo\/\" target=\"_blank\" title=\"Speed Mix Premium Thermo\">\n\t\t\t\t\t\t\t\t\t\n\t\t\t\t\t\t\t\t\t\t<img decoding=\"async\" src=\"https:\/\/rypro.com.br\/wp-content\/uploads\/2025\/03\/rypro.com.br-speed-mix-premium-thermo-speed-mix-premium-thermo-3.0-3-1024x791.png\" alt=\"Speed Mix Premium Thermo 3.0_3\">\n\n\t\t\t\t\t\t\t\t\t\t\t\t<span class=\"product-category\">Preparaci\u00f3n de caldo<\/span>\n\t\t\t\t\t\t\t\t\t\t\t\t<span class=\"product-title\">Speed Mix Premium Thermo<\/span>\n\t\t\t\t\t\t\t\t\t\t<span class=\"product-description\">Elementos de serie: Motobomba di\u00e9sel Mezclador Sistema interno lavaenvases Mangueras y conexiones Faro trasero Manguera&hellip;<\/span>\n\t\t\t\t\t\t\t\t\t\t<span class=\"btn btn-primary-reverse btn-rounded\">Ver productos <i class=\"icon-arrow-right\"><\/i><\/span>\n\n\t\t\t\t\t\t\t\t\t\t\t\t\t\t\t\t\t\t\t<\/a>\n\t\t\t\t\t\t\t\t\t\t\t\t\t\t\t\t\t        \n                                <\/div>\n\n                            <\/div>\n    \n    \n\t\t    \n\t\t\t\t\t\t\t<div class=\"swiper-slide\">\n\n                                <div class=\"product--item\">                                    \n\n\t\t\t\t\t\t\t\t\t\t\t\t\t\t\t\t\t\t\t\t\t\t\t\t\t\t\t<a href=\"https:\/\/rypro.com.br\/es\/produto\/roll-on-mix\/\" target=\"_blank\" title=\"Roll On Mix\">\n\t\t\t\t\t\t\t\t\t\n\t\t\t\t\t\t\t\t\t\t<img decoding=\"async\" src=\"https:\/\/rypro.com.br\/wp-content\/uploads\/2025\/05\/rypro.com.br-roll-on-mix-rypro-roll-on-mix-1024x791.webp\" alt=\"rypro-roll-on-mix\">\n\n\t\t\t\t\t\t\t\t\t\t\t\t<span class=\"product-category\">Preparaci\u00f3n y Log\u00edstica de caldo<\/span>\n\t\t\t\t\t\t\t\t\t\t\t\t<span class=\"product-title\">Roll On Mix<\/span>\n\t\t\t\t\t\t\t\t\t\t<span class=\"product-description\">La soluci\u00f3n completa para preparar y transportar el caldo fue creada para garantizar eficiencia y practicidad en el manejo agr\u00edcola. Con estructuras modulares que se adaptan a la configuraci\u00f3n elegida, el sistema ofrece un chasis robusto que puede ser acoplado en camiones con tecnolog\u00eda Roll on Roll off, permitiendo un transporte seguro y \u00e1gil.<\/span>\n\t\t\t\t\t\t\t\t\t\t<span class=\"btn btn-primary-reverse btn-rounded\">Ver productos <i class=\"icon-arrow-right\"><\/i><\/span>\n\n\t\t\t\t\t\t\t\t\t\t\t\t\t\t\t\t\t\t\t<\/a>\n\t\t\t\t\t\t\t\t\t\t\t\t\t\t\t\t\t        \n                                <\/div>\n\n                            <\/div>\n    \n    \n\t\t    \n\t\t\t\t\t\t\t<div class=\"swiper-slide\">\n\n                                <div class=\"product--item\">                                    \n\n\t\t\t\t\t\t\t\t\t\t\t\t\t\t\t\t\t\t\t\t\t\t\t\t\t\t\t<a href=\"https:\/\/rypro.com.br\/es\/produto\/speed-mix\/\" target=\"_blank\" title=\"Speed Mix\">\n\t\t\t\t\t\t\t\t\t\n\t\t\t\t\t\t\t\t\t\t<img decoding=\"async\" src=\"https:\/\/rypro.com.br\/wp-content\/uploads\/2025\/03\/rypro-speed-mix-speed-mix-3.0-3-1024x791.png\" alt=\"Speed Mix 3.0_3\">\n\n\t\t\t\t\t\t\t\t\t\t\t\t<span class=\"product-category\">Preparaci\u00f3n de caldo<\/span>\n\t\t\t\t\t\t\t\t\t\t\t\t<span class=\"product-title\">Speed Mix<\/span>\n\t\t\t\t\t\t\t\t\t\t<span class=\"product-description\">Speed Mix Turbo es la soluci\u00f3n para obtener m\u00e1s eficiencia en la preparaci\u00f3n de caldo para pulverizaci\u00f3n. Facilita la incorporaci\u00f3n de productos, l\u00edquidos o en polvo, y mejora la calidad del caldo.\n<\/span>\n\t\t\t\t\t\t\t\t\t\t<span class=\"btn btn-primary-reverse btn-rounded\">Ver productos <i class=\"icon-arrow-right\"><\/i><\/span>\n\n\t\t\t\t\t\t\t\t\t\t\t\t\t\t\t\t\t\t\t<\/a>\n\t\t\t\t\t\t\t\t\t\t\t\t\t\t\t\t\t        \n                                <\/div>\n\n                            <\/div>\n    \n    \n\t\t    \n\t\t\t\t\t\t\t<div class=\"swiper-slide\">\n\n                                <div class=\"product--item\">                                    \n\n\t\t\t\t\t\t\t\t\t\t\t\t\t\t\t\t\t\t\t\t\t\t\t\t\t\t\t<a href=\"https:\/\/rypro.com.br\/es\/produto\/unidad-pro-mix\/\" target=\"_blank\" title=\"Unidad Pro Mix\">\n\t\t\t\t\t\t\t\t\t\n\t\t\t\t\t\t\t\t\t\t<img decoding=\"async\" src=\"https:\/\/rypro.com.br\/wp-content\/uploads\/2025\/03\/rypro-unidade-pro-mix-unidade-pro-mix-750-4-1024x791.png\" alt=\"Unidade Pro Mix 750 (4)\">\n\n\t\t\t\t\t\t\t\t\t\t\t\t<span class=\"product-category\">Preparaci\u00f3n de caldo<\/span>\n\t\t\t\t\t\t\t\t\t\t\t\t<span class=\"product-title\">Unidad Pro Mix<\/span>\n\t\t\t\t\t\t\t\t\t\t<span class=\"product-description\">Las Unidades Pro Mix de la Rypro agilizan la incorporaci\u00f3n de productos fitosanitarios, l\u00edquidos o en polvo, y el abastecimiento del pulverizador. Tienen un sistema doble de agitaci\u00f3n interna que asegura la calidad del caldo, adem\u00e1s de facilitar el vaciado y la limpieza de los equipos.<\/span>\n\t\t\t\t\t\t\t\t\t\t<span class=\"btn btn-primary-reverse btn-rounded\">Ver productos <i class=\"icon-arrow-right\"><\/i><\/span>\n\n\t\t\t\t\t\t\t\t\t\t\t\t\t\t\t\t\t\t\t<\/a>\n\t\t\t\t\t\t\t\t\t\t\t\t\t\t\t\t\t        \n                                <\/div>\n\n                            <\/div>\n    \n    \n\t\t    \n\t\t\t\t\t\t\t<div class=\"swiper-slide\">\n\n                                <div class=\"product--item\">                                    \n\n\t\t\t\t\t\t\t\t\t\t\t\t\t\t\t\t\t\t\t\t\t\t\t\t\t\t\t<a href=\"https:\/\/rypro.com.br\/es\/produto\/linea-nautica\/\" target=\"_blank\" title=\"L\u00ednea N\u00e1utica\">\n\t\t\t\t\t\t\t\t\t\n\t\t\t\t\t\t\t\t\t\t<img decoding=\"async\" src=\"https:\/\/rypro.com.br\/wp-content\/uploads\/2025\/03\/rypro.com.br-caixa-multiuso-barco-lake-1024x791.png\" alt=\"Barco Lake\">\n\n\t\t\t\t\t\t\t\t\t\t\t\t<span class=\"product-category\">Otros Productos<\/span>\n\t\t\t\t\t\t\t\t\t\t\t\t<span class=\"product-title\">L\u00ednea N\u00e1utica<\/span>\n\t\t\t\t\t\t\t\t\t\t<span class=\"product-description\">Barcos Lake para los momentos de recreaci\u00f3n y diversi\u00f3n con su familia y amigos. Disponibles en 2 modelos, 8 y 12 pies.<\/span>\n\t\t\t\t\t\t\t\t\t\t<span class=\"btn btn-primary-reverse btn-rounded\">Ver productos <i class=\"icon-arrow-right\"><\/i><\/span>\n\n\t\t\t\t\t\t\t\t\t\t\t\t\t\t\t\t\t\t\t<\/a>\n\t\t\t\t\t\t\t\t\t\t\t\t\t\t\t\t\t        \n                                <\/div>\n\n                            <\/div>\n    \n    \n\t\t    \n\t\t\t\t\t\t\t<div class=\"swiper-slide\">\n\n                                <div class=\"product--item\">                                    \n\n\t\t\t\t\t\t\t\t\t\t\t\t\t\t\t\t\t\t\t\t\t\t\t\t\t\t\t<a href=\"https:\/\/rypro.com.br\/es\/produto\/caja-multiuso\/\" target=\"_blank\" title=\"Caja Multiuso\">\n\t\t\t\t\t\t\t\t\t\n\t\t\t\t\t\t\t\t\t\t<img decoding=\"async\" src=\"https:\/\/rypro.com.br\/wp-content\/uploads\/2025\/03\/rypro.com.br-caixa-multiuso-caixa-multiuso-1024x791.png\" alt=\"Caixa Multiuso\">\n\n\t\t\t\t\t\t\t\t\t\t\t\t<span class=\"product-category\">Otros Productos<\/span>\n\t\t\t\t\t\t\t\t\t\t\t\t<span class=\"product-title\">Caja Multiuso<\/span>\n\t\t\t\t\t\t\t\t\t\t<span class=\"product-description\">Las cajas multiuso son una excelente soluci\u00f3n para transporte y almacenamiento, ya que mantienen el producto en un ambiente seco, seguro y protegido.<\/span>\n\t\t\t\t\t\t\t\t\t\t<span class=\"btn btn-primary-reverse btn-rounded\">Ver productos <i class=\"icon-arrow-right\"><\/i><\/span>\n\n\t\t\t\t\t\t\t\t\t\t\t\t\t\t\t\t\t\t\t<\/a>\n\t\t\t\t\t\t\t\t\t\t\t\t\t\t\t\t\t        \n                                <\/div>\n\n                            <\/div>\n    \n                                                \n                            \n                        <\/div>\n\n    \n\t\n                    <\/div>\n                    \n    \t\t\t\t\t<div class=\"block--footer\">\n\t\t\t\t\t\t<a class=\"btn btn-primary btn-more\" href=\"#1\">Cargar m\u00e1s<\/a>\n\t\t\t\t\t\t<a class=\"btn btn-link btn-loading\" style=\"display:none;\" href=\"#\"><i class=\"icon-carregar\"><\/i>B\u00fasqueda<\/a>\n\t\t\t\t\t<\/div>\n\t\n                <\/div>\n\n            <\/div>\n            \n","protected":false},"excerpt":{"rendered":"","protected":false},"author":5,"featured_media":0,"parent":0,"menu_order":0,"comment_status":"closed","ping_status":"closed","template":"","meta":{"_acf_changed":false,"footnotes":""},"class_list":["post-20110","page","type-page","status-publish","hentry"],"acf":[],"yoast_head":"<!-- This site is optimized with the Yoast SEO plugin v27.4 - https:\/\/yoast.com\/product\/yoast-seo-wordpress\/ -->\n<title>Productos - Rypro<\/title>\n<meta name=\"robots\" content=\"index, follow, max-snippet:-1, max-image-preview:large, max-video-preview:-1\" \/>\n<link rel=\"canonical\" href=\"https:\/\/rypro.com.br\/es\/productos\/\" \/>\n<meta property=\"og:locale\" content=\"es_ES\" \/>\n<meta property=\"og:type\" content=\"article\" \/>\n<meta property=\"og:title\" content=\"Productos - Rypro\" \/>\n<meta property=\"og:url\" content=\"https:\/\/rypro.com.br\/es\/productos\/\" \/>\n<meta property=\"og:site_name\" content=\"Rypro\" \/>\n<meta property=\"article:modified_time\" content=\"2025-06-13T22:10:09+00:00\" \/>\n<meta name=\"twitter:card\" content=\"summary_large_image\" \/>\n<script type=\"application\/ld+json\" class=\"yoast-schema-graph\">{\"@context\":\"https:\\\/\\\/schema.org\",\"@graph\":[{\"@type\":\"WebPage\",\"@id\":\"https:\\\/\\\/rypro.com.br\\\/es\\\/productos\\\/\",\"url\":\"https:\\\/\\\/rypro.com.br\\\/es\\\/productos\\\/\",\"name\":\"Productos - Rypro\",\"isPartOf\":{\"@id\":\"https:\\\/\\\/rypro.com.br\\\/es\\\/#website\"},\"datePublished\":\"2025-06-12T19:36:40+00:00\",\"dateModified\":\"2025-06-13T22:10:09+00:00\",\"breadcrumb\":{\"@id\":\"https:\\\/\\\/rypro.com.br\\\/es\\\/productos\\\/#breadcrumb\"},\"inLanguage\":\"es\",\"potentialAction\":[{\"@type\":\"ReadAction\",\"target\":[\"https:\\\/\\\/rypro.com.br\\\/es\\\/productos\\\/\"]}]},{\"@type\":\"BreadcrumbList\",\"@id\":\"https:\\\/\\\/rypro.com.br\\\/es\\\/productos\\\/#breadcrumb\",\"itemListElement\":[{\"@type\":\"ListItem\",\"position\":1,\"name\":\"In\u00edcio\",\"item\":\"https:\\\/\\\/rypro.com.br\\\/es\\\/\"},{\"@type\":\"ListItem\",\"position\":2,\"name\":\"Productos\"}]},{\"@type\":\"WebSite\",\"@id\":\"https:\\\/\\\/rypro.com.br\\\/es\\\/#website\",\"url\":\"https:\\\/\\\/rypro.com.br\\\/es\\\/\",\"name\":\"Rypro\",\"description\":\"J\u00e1 estamos na sua lavoura! Rypro \u2013 uma marca do grupo Rotoplastyc com 25 anos de tradi\u00e7\u00e3o em rotomoldagem, atuando junto \u00e0s principais marcas do agro.\",\"potentialAction\":[{\"@type\":\"SearchAction\",\"target\":{\"@type\":\"EntryPoint\",\"urlTemplate\":\"https:\\\/\\\/rypro.com.br\\\/es\\\/?s={search_term_string}\"},\"query-input\":{\"@type\":\"PropertyValueSpecification\",\"valueRequired\":true,\"valueName\":\"search_term_string\"}}],\"inLanguage\":\"es\"}]}<\/script>\n<!-- \/ Yoast SEO plugin. -->","yoast_head_json":{"title":"Productos - Rypro","robots":{"index":"index","follow":"follow","max-snippet":"max-snippet:-1","max-image-preview":"max-image-preview:large","max-video-preview":"max-video-preview:-1"},"canonical":"https:\/\/rypro.com.br\/es\/productos\/","og_locale":"es_ES","og_type":"article","og_title":"Productos - Rypro","og_url":"https:\/\/rypro.com.br\/es\/productos\/","og_site_name":"Rypro","article_modified_time":"2025-06-13T22:10:09+00:00","twitter_card":"summary_large_image","schema":{"@context":"https:\/\/schema.org","@graph":[{"@type":"WebPage","@id":"https:\/\/rypro.com.br\/es\/productos\/","url":"https:\/\/rypro.com.br\/es\/productos\/","name":"Productos - Rypro","isPartOf":{"@id":"https:\/\/rypro.com.br\/es\/#website"},"datePublished":"2025-06-12T19:36:40+00:00","dateModified":"2025-06-13T22:10:09+00:00","breadcrumb":{"@id":"https:\/\/rypro.com.br\/es\/productos\/#breadcrumb"},"inLanguage":"es","potentialAction":[{"@type":"ReadAction","target":["https:\/\/rypro.com.br\/es\/productos\/"]}]},{"@type":"BreadcrumbList","@id":"https:\/\/rypro.com.br\/es\/productos\/#breadcrumb","itemListElement":[{"@type":"ListItem","position":1,"name":"In\u00edcio","item":"https:\/\/rypro.com.br\/es\/"},{"@type":"ListItem","position":2,"name":"Productos"}]},{"@type":"WebSite","@id":"https:\/\/rypro.com.br\/es\/#website","url":"https:\/\/rypro.com.br\/es\/","name":"Rypro","description":"J\u00e1 estamos na sua lavoura! Rypro \u2013 uma marca do grupo Rotoplastyc com 25 anos de tradi\u00e7\u00e3o em rotomoldagem, atuando junto \u00e0s principais marcas do agro.","potentialAction":[{"@type":"SearchAction","target":{"@type":"EntryPoint","urlTemplate":"https:\/\/rypro.com.br\/es\/?s={search_term_string}"},"query-input":{"@type":"PropertyValueSpecification","valueRequired":true,"valueName":"search_term_string"}}],"inLanguage":"es"}]}},"_links":{"self":[{"href":"https:\/\/rypro.com.br\/es\/wp-json\/wp\/v2\/pages\/20110","targetHints":{"allow":["GET"]}}],"collection":[{"href":"https:\/\/rypro.com.br\/es\/wp-json\/wp\/v2\/pages"}],"about":[{"href":"https:\/\/rypro.com.br\/es\/wp-json\/wp\/v2\/types\/page"}],"author":[{"embeddable":true,"href":"https:\/\/rypro.com.br\/es\/wp-json\/wp\/v2\/users\/5"}],"replies":[{"embeddable":true,"href":"https:\/\/rypro.com.br\/es\/wp-json\/wp\/v2\/comments?post=20110"}],"version-history":[{"count":2,"href":"https:\/\/rypro.com.br\/es\/wp-json\/wp\/v2\/pages\/20110\/revisions"}],"predecessor-version":[{"id":20140,"href":"https:\/\/rypro.com.br\/es\/wp-json\/wp\/v2\/pages\/20110\/revisions\/20140"}],"wp:attachment":[{"href":"https:\/\/rypro.com.br\/es\/wp-json\/wp\/v2\/media?parent=20110"}],"curies":[{"name":"wp","href":"https:\/\/api.w.org\/{rel}","templated":true}]}}