{"id":19394,"date":"2025-02-16T11:38:18","date_gmt":"2025-02-16T14:38:18","guid":{"rendered":"https:\/\/rypro.com.br\/?page_id=19394"},"modified":"2025-06-13T19:12:45","modified_gmt":"2025-06-13T22:12:45","slug":"politica-de-privacidade","status":"publish","type":"page","link":"https:\/\/rypro.com.br\/es\/politica-de-privacidade\/","title":{"rendered":"Pol\u00edtica de privacidad"},"content":{"rendered":"\n<div class=\"block--container\">\n\n    <div class=\"container\">\n\n        <div class=\"block--content\">\n        \n            \n\n<h2 class=\"wp-block-heading\"><strong>1. INTRODUCCI\u00d3N<\/strong><\/h2>\n\n\n\n<p>Rotoplastyc est\u00e1 comprometida con su privacidad y con la protecci\u00f3n de sus datos personales. Entienda c\u00f3mo utilizamos las informaciones que los usuarios pueden proporcionar al navegar por nuestro sitio web.<\/p>\n\n\n\n<p><strong>2. DEFINICIONES<\/strong><br><strong>Qu\u00e9 son:<\/strong><br><strong>Datos Personales o \u201cdatos\u201d<\/strong>: es cualquier informaci\u00f3n sobre la persona natural directa o indirectamente identificada o identificable. Nombre, CPF, RG\/DNI, direcci\u00f3n, tel\u00e9fono celular, direcci\u00f3n de correo electr\u00f3nico son ejemplos de datos personales.<\/p>\n\n\n\n<p><strong>Bases legales:<\/strong>&nbsp;Son las hip\u00f3tesis legales presentes en la LGPD que nos autorizan a tratar Datos Personales, que pueden ser su consentimiento, la necesidad de cumplir un contrato que tenemos con usted, o el cumplimiento de una obligaci\u00f3n legal, por ejemplo.<\/p>\n\n\n\n<p><strong>Encargado(a) del Tratamiento de Datos Personales:<\/strong>&nbsp;es la persona indicada por Rotoplastyc como responsable de garantizar que sus derechos sean respetados y aclarar dudas sobre el Tratamiento de sus Datos Personales.<\/p>\n\n\n\n<p><strong>Ley General de Protecci\u00f3n de Datos (LGPD):<\/strong>&nbsp;es la Ley n.\u00ba 13.709 del 14 de agosto de 2018, que aborda el tratamiento de datos personales, incluso en los medios digitales, por persona natural o por persona jur\u00eddica de derecho p\u00fablico o privado, con el objetivo de proteger los derechos fundamentales de libertad y privacidad, y el libre desarrollo de la personalidad de la persona natural.<\/p>\n\n\n\n<p><strong>Titular de los Datos Personales:<\/strong>&nbsp;es cualquier persona f\u00edsica identificada o identificable a quien se refieren los Datos Personales tratados; por ejemplo, nuestros clientes y consumidores.<\/p>\n\n\n\n<p><strong>Tratamiento:<\/strong>&nbsp;es el manejo, operaci\u00f3n, uso de los Datos Personales bajo nuestros cuidados, como la recogida, producci\u00f3n, recepci\u00f3n, clasificaci\u00f3n, uso, acceso, reproducci\u00f3n, transmisi\u00f3n, distribuci\u00f3n, procesamiento, almacenamiento, archivado, eliminaci\u00f3n, evaluaci\u00f3n o control de la informaci\u00f3n, modificaci\u00f3n, comunicaci\u00f3n, transferencia, difusi\u00f3n o extracci\u00f3n, entre otros.<\/p>\n\n\n\n<p><strong>3. DATOS PERSONALES<\/strong><br><strong>3.1. FORMULARIO DE CONTACTO<\/strong><br>Nombre;<br>Correo electr\u00f3nico;<br>N\u00famero del tel\u00e9fono;<br>Estado\/Provincia;<br>Ciudad;<br>Mensaje;<br>Quiero comunicarme.<\/p>\n\n\n\n<p><strong>3.2. FORMULARIO DE PRESUPUESTO<\/strong><br>Nombre;<br>Correo electr\u00f3nico;<br>N\u00famero del tel\u00e9fono;<br>Estado\/Provincia;<br>Ciudad;<br>Mensaje;<\/p>\n\n\n\n<p><strong>3.3. FORMULARIO DE E-MAIL MARKETING<\/strong><br>Correo electr\u00f3nico;<\/p>\n\n\n\n<p><strong>4. ALMACENAMIENTO DE DATOS<\/strong><br><strong>4.1 ROTOPLASTYC INDUSTR\u00cdA DE ROTOMOLDADOS LTDA<\/strong>&nbsp;obra en plena conformidad con la Ley 13.709-2018 (LGPD) y los dem\u00e1s Reglamentos inherentes a la Protecci\u00f3n de Datos y Sigilo de Informaciones cuando se trata del uso de sus canales aut\u00f3nomos de publicidad y comunicaci\u00f3n (sitios y correo electr\u00f3nico). Por lo tanto, tanto los accesos como el registro de clientes y aliados comerciales quedan preservados y ser\u00e1n utilizados o portados de acuerdo con las Pol\u00edticas aqu\u00ed establecidas.<\/p>\n\n\n\n<p><strong>4.1.1<\/strong>&nbsp;\u2013 La empresa Rotoplastyc valora la privacidad y seguridad de los datos de sus clientes, por lo que todas las informaciones proporcionadas durante la navegaci\u00f3n en el sitio ser\u00e1n almacenadas de manera segura y utilizadas seg\u00fan la estricta necesidad y finalidad acordada con el usuario o regulada por la Ley.<\/p>\n\n\n\n<p><strong>4.1.2<\/strong>&nbsp;\u2013 La empresa Rotoplastyc asegura que todas las informaciones personales relativas a usuarios, clientes y aliados comerciales que utilicen su sitio ser\u00e1n tratadas de acuerdo con la Ley n.\u00ba 13.709, del 14 de agosto de 2018 (LGPD), incluso en la exportaci\u00f3n o correcci\u00f3n de informaciones. En el tratamiento de datos, la empresa observar\u00e1 los siguientes principios: I \u2013 el respeto a la privacidad; II \u2013 la autodeterminaci\u00f3n informativa; III \u2013 la libertad de expresi\u00f3n, de informaci\u00f3n, de comunicaci\u00f3n y de opini\u00f3n; IV \u2013 la inviolabilidad de la intimidad, del honor y de la imagen; V \u2013 el desarrollo econ\u00f3mico y tecnol\u00f3gico y la innovaci\u00f3n; VI \u2013 la libre iniciativa, la libre competencia y la defensa del consumidor; y VII \u2013 los derechos humanos, el libre desarrollo de la personalidad, la dignidad y el ejercicio de la ciudadan\u00eda por las personas naturales.<\/p>\n\n\n\n<p><strong>4.2<\/strong>&nbsp;Sin perjudicar las garant\u00edas mencionadas en el \u00edtem anterior (4.1.2), y, pensando en optimizar su experiencia de navegaci\u00f3n, Rotoplastyc informa que ser\u00e1n utilizadas tecnolog\u00edas de integraci\u00f3n y personalizaci\u00f3n del uso, integrando las informaciones basadas en sus h\u00e1bitos y preferencias, como Cookies o \u201chistorias temporales\u201d que se env\u00edan al navegador del usuario despu\u00e9s que este accede a su sitio.<\/p>\n\n\n\n<p><strong>4.2.1<\/strong>&nbsp;Una vez autorizado el uso de Cookies integrativos personalizados, el usuario debe saber que, en el caso de que pretenda cancelarlos o eliminarlos, deber\u00e1 bloquearlos o eliminarlos en su propio navegador.<\/p>\n\n\n\n<p><strong>4.2.2<\/strong>&nbsp;Una vez realizado el registro positivo en nuestro sitio, el usuario acepta las condiciones generales y las pol\u00edticas de privacidad aqu\u00ed mencionadas y consiente que la empresa Rotoplastyc use la informaci\u00f3n y los datos exportados en campa\u00f1as y contenido de marketing espec\u00edficos.<\/p>\n\n\n\n<p><strong>5. NUESTRO COMPROMISO<\/strong><br><strong>5.1<\/strong>&nbsp;Rotoplastyc est\u00e1 comprometida con su privacidad y con la seguridad de sus datos, y, por ello, asume el compromiso de preservarlos. Se compromete, entonces, a:<br>a) utilizarlos \u201cestrictamente\u201d de acuerdo con la finalidad y la pol\u00edtica de privacidad y protecci\u00f3n de datos;<br>b) Corregirlos o excluirlos inmediatamente, cuando se lo solicite;<br>c) No informar, publicar o comercializar las informaciones de usuarios, sin la expresa autorizaci\u00f3n del titular del dato o informaci\u00f3n portada;<br>d) No alquilar, vender o, salvo por una obligaci\u00f3n legal, compartir datos o informaciones personales con terceros o empresas sin una previa y expresa autorizaci\u00f3n.<\/p>\n\n\n\n<p><strong>6. COMPARTICI\u00d3N DE DATOS PERSONALES<\/strong><br>Nuestros Representantes;<br>Empresas aliadas y proveedores, en el desarrollo de nuestras actividades, comercializaci\u00f3n de productos y prestaci\u00f3n de servicios;<br>Empresas de marketing y publicidad, para seleccionar y producir anuncios coherentes con su perfil, seg\u00fan lo autorizado;<br>Empresas subcontratadas para desarrollar procesos internos y mantener el sitio web;<br>En el caso de fusiones o adquisiciones, para las empresas que est\u00e9n involucradas en las respectivas negociaciones;<br>Autoridades p\u00fablicas y gubernamentales en el cumplimiento de \u00f3rdenes judiciales o solicitudes de autoridades administrativas con competencia legal para hacerlo.<\/p>\n\n\n\n<p><strong>7. DISPOSICIONES FINALES<\/strong><br><strong>7.1<\/strong>&nbsp;Al usuario le corresponde leer previamente y estar de acuerdo con las presentes disposiciones que constan en nuestra Pol\u00edtica de Privacidad, siempre que acceda al sitio de Rotoplastyc, considerando que las mismas pueden ser alteradas sin previo aviso.<\/p>\n\n\n\n<p><strong>7.2<\/strong>&nbsp;En el caso de que reste alguna duda con respecto a las Pol\u00edticas de Privacidad y Protecci\u00f3n de Datos de este sitio, o sea encontrado alg\u00fan error o inconformidad, cont\u00e1ctenos a trav\u00e9s del CANAL DE INFORMACI\u00d3N por la direcci\u00f3n de correo electr\u00f3nico&nbsp;<a class=\"\">dpo@rotoplastyc.com.br<\/a>.<br>Actualizado por Rotoplastyc el 17 de febrero de 2023.<\/p>\n\n\n\n<p><strong>Glosario:<\/strong><br><strong>USUARIO<\/strong>&nbsp;\u2013 Cliente, Aliado, Empleado o tercero que tenga acceso al contenido del Sitio y realice el registro previo;<br><strong>DATOS<\/strong>&nbsp;\u2013 Cualquier informaci\u00f3n personal (persona f\u00edsica o jur\u00eddica) que sea transferida al servidor de Rotoplastyc;<br><strong>COOKIES<\/strong>&nbsp;\u2013 Son archivos de internet que almacenan temporalmente lo que el internauta est\u00e1 visitando en la red;<br><strong>REGISTRO<\/strong>&nbsp;\u2013 Informaciones personales de que identifican al cliente o caracter\u00edsticas personales;<br><strong>CANAL DE INFORMACI\u00d3N<\/strong>&nbsp;\u2013 Direcci\u00f3n o puerta de acceso directo para obtener informaciones o \u201ccancelar la autorizaci\u00f3n o el uso de datos.<\/p>\n\n\n\n<a class=\"btn btn-primary btn-rounded\" href=\"https:\/\/rypro.com.br\/es\/\" target=\"_blank\">\n    \n        <i class=\"icon-arrow-right\"><\/i>\n        \n    <span class=\"btn-label\">Conozca Rypro<\/span>\n\n<\/a>\n\n\n        <\/div>\n\n    <\/div>\n\n<\/div>\n\n\n<h3 class=\"wp-block-heading\"><\/h3>\n","protected":false},"excerpt":{"rendered":"","protected":false},"author":5,"featured_media":0,"parent":0,"menu_order":0,"comment_status":"closed","ping_status":"closed","template":"","meta":{"_acf_changed":false,"footnotes":""},"class_list":["post-19394","page","type-page","status-publish","hentry"],"acf":[],"yoast_head":"<!-- This site is optimized with the Yoast SEO plugin v27.4 - https:\/\/yoast.com\/product\/yoast-seo-wordpress\/ -->\n<title>Pol\u00edtica de privacidad - Rypro<\/title>\n<meta name=\"robots\" content=\"index, follow, max-snippet:-1, max-image-preview:large, max-video-preview:-1\" \/>\n<link rel=\"canonical\" href=\"https:\/\/rypro.com.br\/es\/politica-de-privacidade\/\" \/>\n<meta property=\"og:locale\" content=\"es_ES\" \/>\n<meta property=\"og:type\" content=\"article\" \/>\n<meta property=\"og:title\" content=\"Pol\u00edtica de privacidad - Rypro\" \/>\n<meta property=\"og:url\" content=\"https:\/\/rypro.com.br\/es\/politica-de-privacidade\/\" \/>\n<meta property=\"og:site_name\" content=\"Rypro\" \/>\n<meta property=\"article:modified_time\" content=\"2025-06-13T22:12:45+00:00\" \/>\n<meta name=\"twitter:card\" content=\"summary_large_image\" \/>\n<meta name=\"twitter:label1\" content=\"Tiempo de lectura\" \/>\n\t<meta name=\"twitter:data1\" content=\"6 minutos\" \/>\n<script type=\"application\/ld+json\" class=\"yoast-schema-graph\">{\"@context\":\"https:\\\/\\\/schema.org\",\"@graph\":[{\"@type\":\"WebPage\",\"@id\":\"https:\\\/\\\/rypro.com.br\\\/es\\\/politica-de-privacidade\\\/\",\"url\":\"https:\\\/\\\/rypro.com.br\\\/es\\\/politica-de-privacidade\\\/\",\"name\":\"Pol\u00edtica de privacidad - Rypro\",\"isPartOf\":{\"@id\":\"https:\\\/\\\/rypro.com.br\\\/es\\\/#website\"},\"datePublished\":\"2025-02-16T14:38:18+00:00\",\"dateModified\":\"2025-06-13T22:12:45+00:00\",\"breadcrumb\":{\"@id\":\"https:\\\/\\\/rypro.com.br\\\/es\\\/politica-de-privacidade\\\/#breadcrumb\"},\"inLanguage\":\"es\",\"potentialAction\":[{\"@type\":\"ReadAction\",\"target\":[\"https:\\\/\\\/rypro.com.br\\\/es\\\/politica-de-privacidade\\\/\"]}]},{\"@type\":\"BreadcrumbList\",\"@id\":\"https:\\\/\\\/rypro.com.br\\\/es\\\/politica-de-privacidade\\\/#breadcrumb\",\"itemListElement\":[{\"@type\":\"ListItem\",\"position\":1,\"name\":\"In\u00edcio\",\"item\":\"https:\\\/\\\/rypro.com.br\\\/es\\\/\"},{\"@type\":\"ListItem\",\"position\":2,\"name\":\"Pol\u00edtica de privacidad\"}]},{\"@type\":\"WebSite\",\"@id\":\"https:\\\/\\\/rypro.com.br\\\/es\\\/#website\",\"url\":\"https:\\\/\\\/rypro.com.br\\\/es\\\/\",\"name\":\"Rypro\",\"description\":\"J\u00e1 estamos na sua lavoura! Rypro \u2013 uma marca do grupo Rotoplastyc com 25 anos de tradi\u00e7\u00e3o em rotomoldagem, atuando junto \u00e0s principais marcas do agro.\",\"potentialAction\":[{\"@type\":\"SearchAction\",\"target\":{\"@type\":\"EntryPoint\",\"urlTemplate\":\"https:\\\/\\\/rypro.com.br\\\/es\\\/?s={search_term_string}\"},\"query-input\":{\"@type\":\"PropertyValueSpecification\",\"valueRequired\":true,\"valueName\":\"search_term_string\"}}],\"inLanguage\":\"es\"}]}<\/script>\n<!-- \/ Yoast SEO plugin. -->","yoast_head_json":{"title":"Pol\u00edtica de privacidad - Rypro","robots":{"index":"index","follow":"follow","max-snippet":"max-snippet:-1","max-image-preview":"max-image-preview:large","max-video-preview":"max-video-preview:-1"},"canonical":"https:\/\/rypro.com.br\/es\/politica-de-privacidade\/","og_locale":"es_ES","og_type":"article","og_title":"Pol\u00edtica de privacidad - Rypro","og_url":"https:\/\/rypro.com.br\/es\/politica-de-privacidade\/","og_site_name":"Rypro","article_modified_time":"2025-06-13T22:12:45+00:00","twitter_card":"summary_large_image","twitter_misc":{"Tiempo de lectura":"6 minutos"},"schema":{"@context":"https:\/\/schema.org","@graph":[{"@type":"WebPage","@id":"https:\/\/rypro.com.br\/es\/politica-de-privacidade\/","url":"https:\/\/rypro.com.br\/es\/politica-de-privacidade\/","name":"Pol\u00edtica de privacidad - Rypro","isPartOf":{"@id":"https:\/\/rypro.com.br\/es\/#website"},"datePublished":"2025-02-16T14:38:18+00:00","dateModified":"2025-06-13T22:12:45+00:00","breadcrumb":{"@id":"https:\/\/rypro.com.br\/es\/politica-de-privacidade\/#breadcrumb"},"inLanguage":"es","potentialAction":[{"@type":"ReadAction","target":["https:\/\/rypro.com.br\/es\/politica-de-privacidade\/"]}]},{"@type":"BreadcrumbList","@id":"https:\/\/rypro.com.br\/es\/politica-de-privacidade\/#breadcrumb","itemListElement":[{"@type":"ListItem","position":1,"name":"In\u00edcio","item":"https:\/\/rypro.com.br\/es\/"},{"@type":"ListItem","position":2,"name":"Pol\u00edtica de privacidad"}]},{"@type":"WebSite","@id":"https:\/\/rypro.com.br\/es\/#website","url":"https:\/\/rypro.com.br\/es\/","name":"Rypro","description":"J\u00e1 estamos na sua lavoura! Rypro \u2013 uma marca do grupo Rotoplastyc com 25 anos de tradi\u00e7\u00e3o em rotomoldagem, atuando junto \u00e0s principais marcas do agro.","potentialAction":[{"@type":"SearchAction","target":{"@type":"EntryPoint","urlTemplate":"https:\/\/rypro.com.br\/es\/?s={search_term_string}"},"query-input":{"@type":"PropertyValueSpecification","valueRequired":true,"valueName":"search_term_string"}}],"inLanguage":"es"}]}},"_links":{"self":[{"href":"https:\/\/rypro.com.br\/es\/wp-json\/wp\/v2\/pages\/19394","targetHints":{"allow":["GET"]}}],"collection":[{"href":"https:\/\/rypro.com.br\/es\/wp-json\/wp\/v2\/pages"}],"about":[{"href":"https:\/\/rypro.com.br\/es\/wp-json\/wp\/v2\/types\/page"}],"author":[{"embeddable":true,"href":"https:\/\/rypro.com.br\/es\/wp-json\/wp\/v2\/users\/5"}],"replies":[{"embeddable":true,"href":"https:\/\/rypro.com.br\/es\/wp-json\/wp\/v2\/comments?post=19394"}],"version-history":[{"count":6,"href":"https:\/\/rypro.com.br\/es\/wp-json\/wp\/v2\/pages\/19394\/revisions"}],"predecessor-version":[{"id":20142,"href":"https:\/\/rypro.com.br\/es\/wp-json\/wp\/v2\/pages\/19394\/revisions\/20142"}],"wp:attachment":[{"href":"https:\/\/rypro.com.br\/es\/wp-json\/wp\/v2\/media?parent=19394"}],"curies":[{"name":"wp","href":"https:\/\/api.w.org\/{rel}","templated":true}]}}