{"id":19383,"date":"2025-03-15T19:20:42","date_gmt":"2025-03-15T22:20:42","guid":{"rendered":"https:\/\/rypro.com.br\/?page_id=19383"},"modified":"2025-06-13T19:08:07","modified_gmt":"2025-06-13T22:08:07","slug":"quem-somos","status":"publish","type":"page","link":"https:\/\/rypro.com.br\/es\/quem-somos\/","title":{"rendered":"Qui\u00e9nes somos"},"content":{"rendered":"\n\t\t\t<div id=\"somos-rypro\" class=\"block block--page-heading  heading-image  \" >\n\n                <div class=\"container\">                                         \n\n                    \n                                           \n                    <h1 class=\"block--title\">Somos Rypro<\/h1>     \n                                            \n\n                                            \n\n                    \n                    \n                                        <div class=\"block--image\">\n                        <img decoding=\"async\" src=\"https:\/\/rypro.com.br\/wp-content\/uploads\/2025\/03\/rypro-componentes-title.png\" alt=\"Somos Rypro\">\n                    <\/div>\n                    \n                <\/div>\n\n            <\/div>\n\n\n<div class=\"wp-block-columns is-layout-flex wp-container-core-columns-is-layout-9d6595d7 wp-block-columns-is-layout-flex\">\n<div class=\"wp-block-column is-layout-flow wp-block-column-is-layout-flow\">\n<p class=\"has-text-align-left\">Una marca del grupo Rotoplastyc dedicada a ofrecer productos profesionales con un alto nivel de excelencia para el segmento agr\u00edcola.<\/p>\n<\/div>\n\n\n\n<div class=\"wp-block-column is-layout-flow wp-block-column-is-layout-flow\">\n<p>Una divisi\u00f3n de productos que busca ser la diaria aliada de los productores, siendo referencia de punta en la preparaci\u00f3n de caldos, transporte y almacenamiento de productos, l\u00edquidos y combustibles.<\/p>\n<\/div>\n<\/div>\n\n\n\n<div id=\"content-block_f91cdcb9980030ae6289cac2319f71fc\" class=\"block block--video \">\n    \n    <a data-fancybox=\"video-modal\" data-caption=\"Eficiencia que resuelve\" href=\"https:\/\/www.youtube.com\/watch?v=aiLdJ8N4waU\">        \n                <span class=\"block--title\">Eficiencia que resuelve<\/span>\n        \n                <span>Vea nuestro video<\/span>\n        \n        <span class=\"btn btn-primary-reverse btn-rounded\"><i class=\"icon-play\"><\/i> Mira el video<span>         \n    <\/a>    \n\n            \n    <img decoding=\"async\" src=\"https:\/\/rypro.com.br\/wp-content\/uploads\/2025\/03\/rypro-componentes-drone.png\" alt=\"drone\">        \n    \n<\/div>\n\n\n\t\t\t<div id=\"content-block_9b252dc738e57b3844d17c3d45850c84\" class=\"block block--imagecontent content-default content-margin content-reverse \" >\n\n                <div class=\"container\"> \n\n                    <div class=\"block--image \">                        \n                                                <img decoding=\"async\" src=\"https:\/\/rypro.com.br\/wp-content\/uploads\/2025\/03\/rypro-componentes-image-3.png\" alt=\"\">\n                                            <\/div>\n\n                    <div class=\"block--content\"> \n\n                        \n                                                \n\n                                                \n\n                                                                       \n                        <p><strong>Manifiesto<\/strong><\/p>\n<p>Entendemos la importancia de la tierra y de la dedicaci\u00f3n de cada productor. Somos sus aliados en la jornada por una agricultura m\u00e1s eficiente, productiva y sostenible. Cada m\u00e1quina que fabricamos est\u00e1 hecha para enfrentar las pruebas del tiempo y del trabajo.<\/p>\n<p>M\u00e1s que crear productos, cultivamos el progreso, la eficiencia y el \u00e9xito. Juntos transformamos la agricultura para una era de mayor productividad y sostenibilidad.<\/p>\n<p><strong>Nuestro prop\u00f3sito<br data-start=\"507\" data-end=\"510\" \/><\/strong><\/p>\n<p>Simplificar y transformar la vida del agricultor, facilitando su d\u00eda a d\u00eda en el campo e impulsando su crecimiento sostenible.<\/p>\n<p>Compromiso con la eficiencia y la excelencia, a trav\u00e9s de productos que aseguren la mezcla perfecta, ahorren tiempo y brinden mayor rapidez en las operaciones agr\u00edcolas.<\/p>\n                                             \n                        \n                        \n                                             \n                                                                        \n                    <\/div>\n\n                <\/div>\n\n            <\/div>\n\n\n<div id=\"slides-block_f290ca5f3832137b43ff41c91248c6dd\" class=\"block block--list\">    \n\n    <div class=\"container\">\n\n    \n\n        <div class=\"list-slider swiper\" >\n\n            <div class=\"block--heading\">                        \t\t\t\t\t\t\t\n                            \t\t\t\t\t\t\t\t\t       \n                <h2 class=\"block--title\">Conozca los Pilares de nuestra marca<\/h2>                                            \n                \t\n            <\/div>\n                \n            <div class=\"swiper-wrapper\">\n                \n                <div class=\"swiper-slide\"><\/div>\n\n                                <div class=\"swiper-slide\">\n                    \n                    <div class=\"list--item\">                            \n                    \n                        <div class=\"list--item-image\">\n                         \n                        <img decoding=\"async\" src=\"https:\/\/rypro.com.br\/wp-content\/uploads\/2025\/03\/rypro-rascunho-automatico-ico-eficiencia.png\" alt=\"ico-eficiencia\">\n                                                <\/div>\n                            \n                                                \n                        <h2 class=\"list--item-title\">Eficiencia<\/h2>                        \n                        \n                                                \n                        <p>Eficiencia Capacidad de maximizar la productividad del agricultor, reduciendo el tiempo y los costos asociados con las operaciones agr\u00edcolas.<\/p>\n                                                                                                                                                \n\n                    <\/div> \n\n                <\/div>\n                                <div class=\"swiper-slide\">\n                    \n                    <div class=\"list--item\">                            \n                    \n                        <div class=\"list--item-image\">\n                         \n                        <img decoding=\"async\" src=\"https:\/\/rypro.com.br\/wp-content\/uploads\/2025\/03\/rypro-rascunho-automatico-ico-durabilidade.png\" alt=\"ico-durabilidade\">\n                                                <\/div>\n                            \n                                                \n                        <h2 class=\"list--item-title\">Durabilidad<\/h2>                        \n                        \n                                                \n                        <p>El fundamento de nuestros productos. Equipos construidos para durar, asegurando que la operaci\u00f3n nunca se detenga y que la producci\u00f3n nunca falle.<\/p>\n                                                                                                                                                \n\n                    <\/div> \n\n                <\/div>\n                                <div class=\"swiper-slide\">\n                    \n                    <div class=\"list--item\">                            \n                    \n                        <div class=\"list--item-image\">\n                         \n                        <img decoding=\"async\" src=\"https:\/\/rypro.com.br\/wp-content\/uploads\/2025\/03\/rypro-rascunho-automatico-ico-agilidade.png\" alt=\"ico-Agilidade\">\n                                                <\/div>\n                            \n                                                \n                        <h2 class=\"list--item-title\">Agilidad<\/h2>                        \n                        \n                                                \n                        <p>Procesos de producci\u00f3n y distribuci\u00f3n capaces de responder r\u00e1pidamente a los cambios del mercado y las condiciones de operaci\u00f3n en el campo.<\/p>\n                                                                                                                                                \n\n                    <\/div> \n\n                <\/div>\n                                <div class=\"swiper-slide\">\n                    \n                    <div class=\"list--item\">                            \n                    \n                        <div class=\"list--item-image\">\n                         \n                        <img decoding=\"async\" src=\"https:\/\/rypro.com.br\/wp-content\/uploads\/2025\/03\/rypro-rascunho-automatico-ico-bomnegocio.png\" alt=\"ico-bomnegocio\">\n                                                <\/div>\n                            \n                                                \n                        <h2 class=\"list--item-title\">Buen negocio<\/h2>                        \n                        \n                                                \n                        <p>Productos con retorno excepcional. Precios competitivos, eficiencia operacional, reducci\u00f3n de costos, adem\u00e1s de garant\u00edas y soporte t\u00e9cnico.<\/p>\n                                                                                                                                                \n\n                    <\/div> \n\n                <\/div>\n                                <div class=\"swiper-slide\">\n                    \n                    <div class=\"list--item\">                            \n                    \n                        <div class=\"list--item-image\">\n                         \n                        <img decoding=\"async\" src=\"https:\/\/rypro.com.br\/wp-content\/uploads\/2025\/03\/rypro-componentes-ico-inovacao.png\" alt=\"ico-inovacao\">\n                                                <\/div>\n                            \n                                                \n                        <h2 class=\"list--item-title\">Innovaci\u00f3n<\/h2>                        \n                        \n                                                \n                        <p>Investigaci\u00f3n y desarrollo continuos para crear productos que anticipen y satisfagan las necesidades emergentes de los agricultores.<\/p>\n                                                                                                                                                \n\n                    <\/div> \n\n                <\/div>\n                \n            <\/div>\n\n                        <div class=\"swiper-pagination\"><\/div>\n            \n            \n        <\/div>\n\n    <\/div>\n\n<\/div>        \n\n\n\n<div class=\"block--buttons center\">\n        \n    \n\n<a class=\"btn btn-primary btn-rounded\" href=\"https:\/\/rypro.com.br\/seja-um-parceiro\/\" target=\"_blank\">\n    \n        <i class=\"icon-arrow-right\"><\/i>\n        \n    <span class=\"btn-label\">Seja um parceiro<\/span>\n\n<\/a>\n\n\n<\/div>\n\n\n\t\t\t<div id=\"carreras\" class=\"block block--imagecontent content-default content-margin content-left \" >\n\n                <div class=\"container\"> \n\n                    <div class=\"block--image \">                        \n                                                <img decoding=\"async\" src=\"https:\/\/rypro.com.br\/wp-content\/uploads\/2025\/03\/rypro-componentes-image-2.png\" alt=\"Carreras\">\n                                            <\/div>\n\n                    <div class=\"block--content\"> \n\n                        \n                                               \n                        <h2 class=\"block--title\">Carreras<\/h2>     \n                                                \n\n                                                \n\n                                                                       \n                        <p>En Rypro, sabemos que nuestro mayor patrimonio son las personas. Por esta raz\u00f3n, invertimos en un ambiente de trabajo que promueve la colaboraci\u00f3n, la innovaci\u00f3n y el desarrollo continuo. Estamos buscando profesionales talentosos y motivados que quieran unirse a nuestro equipo y crecer con nosotros.<\/p>\n                                             \n                        \n                        \n                                               \n                        <a class=\"btn btn-rounded btn-primary\" href=\"https:\/\/app.jobfy.pro\/rotoplastyc\" target=\"_blank\">                            \n                            Haga clic y obtenga m\u00e1s informaciones                                                            <i class=\"icon-arrow-right\"><\/i>\n                                                    <\/a>\n                                             \n                                                                        \n                    <\/div>\n\n                <\/div>\n\n            <\/div>\n\n\n\t\t\t<div class=\"block block--banner background\" id=\"estamos-a-su-lado\">\n\n                <div class=\"container\">\n\n                    <div class=\"banner--wrap\">\n\n                        <div class=\"banner--content\">\n                            <h2 class=\"block--title\">Estamos\u2028a su lado<\/h2>\n                        <\/div>\n\n                        <div class=\"banner--content\">\n                            <p style=\"text-align: left;\">\u00bfDesea saber m\u00e1s sobre Rotoplastyc y las marcas que forman parte del Grupo?<\/p>\n\n  \n\t\t\t\t\t\t\t<a href=\"https:\/\/rotoplastyc.com.br\/sobre\/\" target=\"_blank\" title=\"M\u00e1s informaciones\" class=\"btn btn-primary btn-rounded\">                                \n                                M\u00e1s informaciones                                <i class=\"icon-chevron-right\"><\/i>\n                            <\/a>\n                        <\/div>\n\n                <img decoding=\"async\" src=\"https:\/\/rypro.com.br\/wp-content\/uploads\/2025\/03\/rypro-rascunho-automatico-banner-1.png\" alt=\"banner-1\">\n\n                    <\/div>\n\n                <\/div>                \n\n            <\/div>","protected":false},"excerpt":{"rendered":"<p>Una marca del grupo Rotoplastyc dedicada a ofrecer productos profesionales con un alto nivel de excelencia para el segmento agr\u00edcola. Una divisi\u00f3n de productos que busca ser la diaria aliada de los productores, siendo referencia de punta en la preparaci\u00f3n de caldos, transporte y almacenamiento de productos, l\u00edquidos y combustibles.<\/p>\n","protected":false},"author":5,"featured_media":0,"parent":0,"menu_order":0,"comment_status":"closed","ping_status":"closed","template":"","meta":{"_acf_changed":false,"footnotes":""},"class_list":["post-19383","page","type-page","status-publish","hentry"],"acf":[],"yoast_head":"<!-- This site is optimized with the Yoast SEO plugin v27.4 - https:\/\/yoast.com\/product\/yoast-seo-wordpress\/ -->\n<title>Qui\u00e9nes somos - Rypro<\/title>\n<meta name=\"robots\" content=\"index, follow, max-snippet:-1, max-image-preview:large, max-video-preview:-1\" \/>\n<link rel=\"canonical\" href=\"https:\/\/rypro.com.br\/es\/quem-somos\/\" \/>\n<meta property=\"og:locale\" content=\"es_ES\" \/>\n<meta property=\"og:type\" content=\"article\" \/>\n<meta property=\"og:title\" content=\"Qui\u00e9nes somos - Rypro\" \/>\n<meta property=\"og:description\" content=\"Una marca del grupo Rotoplastyc dedicada a ofrecer productos profesionales con un alto nivel de excelencia para el segmento agr\u00edcola. Una divisi\u00f3n de productos que busca ser la diaria aliada de los productores, siendo referencia de punta en la preparaci\u00f3n de caldos, transporte y almacenamiento de productos, l\u00edquidos y combustibles.\" \/>\n<meta property=\"og:url\" content=\"https:\/\/rypro.com.br\/es\/quem-somos\/\" \/>\n<meta property=\"og:site_name\" content=\"Rypro\" \/>\n<meta property=\"article:modified_time\" content=\"2025-06-13T22:08:07+00:00\" \/>\n<meta name=\"twitter:card\" content=\"summary_large_image\" \/>\n<meta name=\"twitter:label1\" content=\"Tiempo de lectura\" \/>\n\t<meta name=\"twitter:data1\" content=\"1 minuto\" \/>\n<script type=\"application\/ld+json\" class=\"yoast-schema-graph\">{\"@context\":\"https:\\\/\\\/schema.org\",\"@graph\":[{\"@type\":\"WebPage\",\"@id\":\"https:\\\/\\\/rypro.com.br\\\/es\\\/quem-somos\\\/\",\"url\":\"https:\\\/\\\/rypro.com.br\\\/es\\\/quem-somos\\\/\",\"name\":\"Qui\u00e9nes somos - Rypro\",\"isPartOf\":{\"@id\":\"https:\\\/\\\/rypro.com.br\\\/es\\\/#website\"},\"datePublished\":\"2025-03-15T22:20:42+00:00\",\"dateModified\":\"2025-06-13T22:08:07+00:00\",\"breadcrumb\":{\"@id\":\"https:\\\/\\\/rypro.com.br\\\/es\\\/quem-somos\\\/#breadcrumb\"},\"inLanguage\":\"es\",\"potentialAction\":[{\"@type\":\"ReadAction\",\"target\":[\"https:\\\/\\\/rypro.com.br\\\/es\\\/quem-somos\\\/\"]}]},{\"@type\":\"BreadcrumbList\",\"@id\":\"https:\\\/\\\/rypro.com.br\\\/es\\\/quem-somos\\\/#breadcrumb\",\"itemListElement\":[{\"@type\":\"ListItem\",\"position\":1,\"name\":\"In\u00edcio\",\"item\":\"https:\\\/\\\/rypro.com.br\\\/es\\\/\"},{\"@type\":\"ListItem\",\"position\":2,\"name\":\"Qui\u00e9nes somos\"}]},{\"@type\":\"WebSite\",\"@id\":\"https:\\\/\\\/rypro.com.br\\\/es\\\/#website\",\"url\":\"https:\\\/\\\/rypro.com.br\\\/es\\\/\",\"name\":\"Rypro\",\"description\":\"J\u00e1 estamos na sua lavoura! Rypro \u2013 uma marca do grupo Rotoplastyc com 25 anos de tradi\u00e7\u00e3o em rotomoldagem, atuando junto \u00e0s principais marcas do agro.\",\"potentialAction\":[{\"@type\":\"SearchAction\",\"target\":{\"@type\":\"EntryPoint\",\"urlTemplate\":\"https:\\\/\\\/rypro.com.br\\\/es\\\/?s={search_term_string}\"},\"query-input\":{\"@type\":\"PropertyValueSpecification\",\"valueRequired\":true,\"valueName\":\"search_term_string\"}}],\"inLanguage\":\"es\"}]}<\/script>\n<!-- \/ Yoast SEO plugin. -->","yoast_head_json":{"title":"Qui\u00e9nes somos - Rypro","robots":{"index":"index","follow":"follow","max-snippet":"max-snippet:-1","max-image-preview":"max-image-preview:large","max-video-preview":"max-video-preview:-1"},"canonical":"https:\/\/rypro.com.br\/es\/quem-somos\/","og_locale":"es_ES","og_type":"article","og_title":"Qui\u00e9nes somos - Rypro","og_description":"Una marca del grupo Rotoplastyc dedicada a ofrecer productos profesionales con un alto nivel de excelencia para el segmento agr\u00edcola. Una divisi\u00f3n de productos que busca ser la diaria aliada de los productores, siendo referencia de punta en la preparaci\u00f3n de caldos, transporte y almacenamiento de productos, l\u00edquidos y combustibles.","og_url":"https:\/\/rypro.com.br\/es\/quem-somos\/","og_site_name":"Rypro","article_modified_time":"2025-06-13T22:08:07+00:00","twitter_card":"summary_large_image","twitter_misc":{"Tiempo de lectura":"1 minuto"},"schema":{"@context":"https:\/\/schema.org","@graph":[{"@type":"WebPage","@id":"https:\/\/rypro.com.br\/es\/quem-somos\/","url":"https:\/\/rypro.com.br\/es\/quem-somos\/","name":"Qui\u00e9nes somos - Rypro","isPartOf":{"@id":"https:\/\/rypro.com.br\/es\/#website"},"datePublished":"2025-03-15T22:20:42+00:00","dateModified":"2025-06-13T22:08:07+00:00","breadcrumb":{"@id":"https:\/\/rypro.com.br\/es\/quem-somos\/#breadcrumb"},"inLanguage":"es","potentialAction":[{"@type":"ReadAction","target":["https:\/\/rypro.com.br\/es\/quem-somos\/"]}]},{"@type":"BreadcrumbList","@id":"https:\/\/rypro.com.br\/es\/quem-somos\/#breadcrumb","itemListElement":[{"@type":"ListItem","position":1,"name":"In\u00edcio","item":"https:\/\/rypro.com.br\/es\/"},{"@type":"ListItem","position":2,"name":"Qui\u00e9nes somos"}]},{"@type":"WebSite","@id":"https:\/\/rypro.com.br\/es\/#website","url":"https:\/\/rypro.com.br\/es\/","name":"Rypro","description":"J\u00e1 estamos na sua lavoura! Rypro \u2013 uma marca do grupo Rotoplastyc com 25 anos de tradi\u00e7\u00e3o em rotomoldagem, atuando junto \u00e0s principais marcas do agro.","potentialAction":[{"@type":"SearchAction","target":{"@type":"EntryPoint","urlTemplate":"https:\/\/rypro.com.br\/es\/?s={search_term_string}"},"query-input":{"@type":"PropertyValueSpecification","valueRequired":true,"valueName":"search_term_string"}}],"inLanguage":"es"}]}},"_links":{"self":[{"href":"https:\/\/rypro.com.br\/es\/wp-json\/wp\/v2\/pages\/19383","targetHints":{"allow":["GET"]}}],"collection":[{"href":"https:\/\/rypro.com.br\/es\/wp-json\/wp\/v2\/pages"}],"about":[{"href":"https:\/\/rypro.com.br\/es\/wp-json\/wp\/v2\/types\/page"}],"author":[{"embeddable":true,"href":"https:\/\/rypro.com.br\/es\/wp-json\/wp\/v2\/users\/5"}],"replies":[{"embeddable":true,"href":"https:\/\/rypro.com.br\/es\/wp-json\/wp\/v2\/comments?post=19383"}],"version-history":[{"count":5,"href":"https:\/\/rypro.com.br\/es\/wp-json\/wp\/v2\/pages\/19383\/revisions"}],"predecessor-version":[{"id":20135,"href":"https:\/\/rypro.com.br\/es\/wp-json\/wp\/v2\/pages\/19383\/revisions\/20135"}],"wp:attachment":[{"href":"https:\/\/rypro.com.br\/es\/wp-json\/wp\/v2\/media?parent=19383"}],"curies":[{"name":"wp","href":"https:\/\/api.w.org\/{rel}","templated":true}]}}