{"id":20097,"date":"2025-06-12T16:36:40","date_gmt":"2025-06-12T19:36:40","guid":{"rendered":"https:\/\/rypro.com.br\/?page_id=20097"},"modified":"2025-10-29T21:13:38","modified_gmt":"2025-10-30T00:13:38","slug":"products","status":"publish","type":"page","link":"https:\/\/rypro.com.br\/en\/products\/","title":{"rendered":"Products"},"content":{"rendered":"\n\t\t\t<div id=\"products-block_f63ab9855f3a5d11b0c2339215226f01\" class=\"block block--products  products--default products-list \"   pace=\"9\" cat=\"\">\n\n                <div class=\"container\"> \n\n\t\n\t\n    \t\t\t\t\t<div class=\"block--content\">\n    \n                        <div class=\"swiper-wrapper\">\n                            \n\t\n\t\t    \n\t\t\t\t\t\t\t<div class=\"swiper-slide\">\n\n                                <div class=\"product--item\">                                    \n\n\t\t\t\t\t\t\t\t\t\t\t\t\t\t\t\t\t\t\t\t\t\t\t\t\t\t\t<a href=\"https:\/\/rypro.com.br\/en\/produto\/speed-mix-2\/\" target=\"_blank\" title=\"Speed Mix\">\n\t\t\t\t\t\t\t\t\t\n\t\t\t\t\t\t\t\t\t\t<img decoding=\"async\" src=\"https:\/\/rypro.com.br\/wp-content\/uploads\/2025\/10\/rypro.com.br-comander-comander-1024x791.png\" alt=\"Comander\">\n\n\t\t\t\t\t\t\t\t\t\t\t\t<span class=\"product-category\">Spray Mixture Preparation<\/span>\n\t\t\t\t\t\t\t\t\t\t\t\t<span class=\"product-title\">Speed Mix<\/span>\n\t\t\t\t\t\t\t\t\t\t<span class=\"product-description\">Speed Mix is the solution for more efficient spray mixture preparation, making it easy to incorporate liquid or powder crop protection products, resulting in better spray quality.<\/span>\n\t\t\t\t\t\t\t\t\t\t<span class=\"btn btn-primary-reverse btn-rounded\">View products <i class=\"icon-arrow-right\"><\/i><\/span>\n\n\t\t\t\t\t\t\t\t\t\t\t\t\t\t\t\t\t\t\t<\/a>\n\t\t\t\t\t\t\t\t\t\t\t\t\t\t\t\t\t        \n                                <\/div>\n\n                            <\/div>\n    \n    \n\t\t    \n\t\t\t\t\t\t\t<div class=\"swiper-slide\">\n\n                                <div class=\"product--item\">                                    \n\n\t\t\t\t\t\t\t\t\t\t\t\t\t\t\t\t\t\t\t\t\t\t\t\t\t\t\t<a href=\"https:\/\/rypro.com.br\/en\/produto\/multi-purpose-box-2\/\" target=\"_blank\" title=\"Multi-Purpose Box\">\n\t\t\t\t\t\t\t\t\t\n\t\t\t\t\t\t\t\t\t\t<img decoding=\"async\" src=\"https:\/\/rypro.com.br\/wp-content\/uploads\/2025\/09\/rypro.com.br-hidrobag-hidrobag-4-1024x819.png\" alt=\"HidroBag (4)\">\n\n\t\t\t\t\t\t\t\t\t\t\t\t<span class=\"product-category\">Other Products<\/span>\n\t\t\t\t\t\t\t\t\t\t\t\t<span class=\"product-title\">Multi-Purpose Box<\/span>\n\t\t\t\t\t\t\t\t\t\t<span class=\"product-description\">Standard Items: Polyethylene multi-purpose box Three lids for better inspection and handling of stored products&hellip;<\/span>\n\t\t\t\t\t\t\t\t\t\t<span class=\"btn btn-primary-reverse btn-rounded\">View products <i class=\"icon-arrow-right\"><\/i><\/span>\n\n\t\t\t\t\t\t\t\t\t\t\t\t\t\t\t\t\t\t\t<\/a>\n\t\t\t\t\t\t\t\t\t\t\t\t\t\t\t\t\t        \n                                <\/div>\n\n                            <\/div>\n    \n    \n\t\t    \n\t\t\t\t\t\t\t<div class=\"swiper-slide\">\n\n                                <div class=\"product--item\">                                    \n\n\t\t\t\t\t\t\t\t\t\t\t\t\t\t\t\t\t\t\t\t\t\t\t\t\t\t\t<a href=\"https:\/\/rypro.com.br\/en\/produto\/horizontal-tanks\/\" target=\"_blank\" title=\"Horizontal Tanks\">\n\t\t\t\t\t\t\t\t\t\n\t\t\t\t\t\t\t\t\t\t<img decoding=\"async\" src=\"https:\/\/rypro.com.br\/wp-content\/uploads\/2025\/05\/rypro.com.br-tanques-horizontais-tanque-horizontal-50.webp\" alt=\"tanque-horizontal-50\">\n\n\t\t\t\t\t\t\t\t\t\t\t\t<span class=\"product-category\">Liquid Storage and Management<\/span>\n\t\t\t\t\t\t\t\t\t\t\t\t<span class=\"product-title\">Horizontal Tanks<\/span>\n\t\t\t\t\t\t\t\t\t\t<span class=\"product-description\">Standard Items: 1\u201d valve (tanks 1.0 to 1.5) 2\u201d valve (from tanks 2.0 onward) \u00bd\u201d&hellip;<\/span>\n\t\t\t\t\t\t\t\t\t\t<span class=\"btn btn-primary-reverse btn-rounded\">View products <i class=\"icon-arrow-right\"><\/i><\/span>\n\n\t\t\t\t\t\t\t\t\t\t\t\t\t\t\t\t\t\t\t<\/a>\n\t\t\t\t\t\t\t\t\t\t\t\t\t\t\t\t\t        \n                                <\/div>\n\n                            <\/div>\n    \n    \n\t\t    \n\t\t\t\t\t\t\t<div class=\"swiper-slide\">\n\n                                <div class=\"product--item\">                                    \n\n\t\t\t\t\t\t\t\t\t\t\t\t\t\t\t\t\t\t\t\t\t\t\t\t\t\t\t<a href=\"https:\/\/rypro.com.br\/en\/produto\/speed-mix-premium-thermo\/\" target=\"_blank\" title=\"Speed Mix Premium Thermo\">\n\t\t\t\t\t\t\t\t\t\n\t\t\t\t\t\t\t\t\t\t<img decoding=\"async\" src=\"https:\/\/rypro.com.br\/wp-content\/uploads\/2025\/03\/rypro.com.br-speed-mix-premium-thermo-speed-mix-premium-thermo-3.0-3-1024x791.png\" alt=\"Speed Mix Premium Thermo 3.0_3\">\n\n\t\t\t\t\t\t\t\t\t\t\t\t<span class=\"product-category\">Spray Mixture Preparation<\/span>\n\t\t\t\t\t\t\t\t\t\t\t\t<span class=\"product-title\">Speed Mix Premium Thermo<\/span>\n\t\t\t\t\t\t\t\t\t\t<span class=\"product-description\">Standard Items: Diesel engine pump Incorporator Internal bottle washer system Hoses and fittings Tail light&hellip;<\/span>\n\t\t\t\t\t\t\t\t\t\t<span class=\"btn btn-primary-reverse btn-rounded\">View products <i class=\"icon-arrow-right\"><\/i><\/span>\n\n\t\t\t\t\t\t\t\t\t\t\t\t\t\t\t\t\t\t\t<\/a>\n\t\t\t\t\t\t\t\t\t\t\t\t\t\t\t\t\t        \n                                <\/div>\n\n                            <\/div>\n    \n    \n\t\t    \n\t\t\t\t\t\t\t<div class=\"swiper-slide\">\n\n                                <div class=\"product--item\">                                    \n\n\t\t\t\t\t\t\t\t\t\t\t\t\t\t\t\t\t\t\t\t\t\t\t\t\t\t\t<a href=\"https:\/\/rypro.com.br\/en\/produto\/roll-on-mix\/\" target=\"_blank\" title=\"Roll On Mix\">\n\t\t\t\t\t\t\t\t\t\n\t\t\t\t\t\t\t\t\t\t<img decoding=\"async\" src=\"https:\/\/rypro.com.br\/wp-content\/uploads\/2025\/05\/rypro.com.br-roll-on-mix-rypro-roll-on-mix-1024x791.webp\" alt=\"rypro-roll-on-mix\">\n\n\t\t\t\t\t\t\t\t\t\t\t\t<span class=\"product-category\">Spray Mixture Preparation and Logistics<\/span>\n\t\t\t\t\t\t\t\t\t\t\t\t<span class=\"product-title\">Roll On Mix<\/span>\n\t\t\t\t\t\t\t\t\t\t<span class=\"product-description\">A complete solution for spray mixture preparation and logistics, developed to ensure efficiency and practicality in agricultural operations. With modular structures that adapt to the chosen configuration, the system offers a robust chassis for attachment to trucks with Roll-on\/Roll off technology, ensuring safe and agile transport.<\/span>\n\t\t\t\t\t\t\t\t\t\t<span class=\"btn btn-primary-reverse btn-rounded\">View products <i class=\"icon-arrow-right\"><\/i><\/span>\n\n\t\t\t\t\t\t\t\t\t\t\t\t\t\t\t\t\t\t\t<\/a>\n\t\t\t\t\t\t\t\t\t\t\t\t\t\t\t\t\t        \n                                <\/div>\n\n                            <\/div>\n    \n    \n\t\t    \n\t\t\t\t\t\t\t<div class=\"swiper-slide\">\n\n                                <div class=\"product--item\">                                    \n\n\t\t\t\t\t\t\t\t\t\t\t\t\t\t\t\t\t\t\t\t\t\t\t\t\t\t\t<a href=\"https:\/\/rypro.com.br\/en\/produto\/speed-mix\/\" target=\"_blank\" title=\"Speed Mix\">\n\t\t\t\t\t\t\t\t\t\n\t\t\t\t\t\t\t\t\t\t<img decoding=\"async\" src=\"https:\/\/rypro.com.br\/wp-content\/uploads\/2025\/03\/rypro-speed-mix-speed-mix-3.0-3-1024x791.png\" alt=\"Speed Mix 3.0_3\">\n\n\t\t\t\t\t\t\t\t\t\t\t\t<span class=\"product-category\">Spray Mixture Preparation<\/span>\n\t\t\t\t\t\t\t\t\t\t\t\t<span class=\"product-title\">Speed Mix<\/span>\n\t\t\t\t\t\t\t\t\t\t<span class=\"product-description\">Speed Mix is the solution for more efficient spray mixture preparation, making it easy to incorporate liquid or powder crop protection products, resulting in better spray quality.<\/span>\n\t\t\t\t\t\t\t\t\t\t<span class=\"btn btn-primary-reverse btn-rounded\">View products <i class=\"icon-arrow-right\"><\/i><\/span>\n\n\t\t\t\t\t\t\t\t\t\t\t\t\t\t\t\t\t\t\t<\/a>\n\t\t\t\t\t\t\t\t\t\t\t\t\t\t\t\t\t        \n                                <\/div>\n\n                            <\/div>\n    \n    \n\t\t    \n\t\t\t\t\t\t\t<div class=\"swiper-slide\">\n\n                                <div class=\"product--item\">                                    \n\n\t\t\t\t\t\t\t\t\t\t\t\t\t\t\t\t\t\t\t\t\t\t\t\t\t\t\t<a href=\"https:\/\/rypro.com.br\/en\/produto\/pro-mix-unit\/\" target=\"_blank\" title=\"Pro Mix Unit\">\n\t\t\t\t\t\t\t\t\t\n\t\t\t\t\t\t\t\t\t\t<img decoding=\"async\" src=\"https:\/\/rypro.com.br\/wp-content\/uploads\/2025\/03\/rypro-unidade-pro-mix-unidade-pro-mix-750-4-1024x791.png\" alt=\"Unidade Pro Mix 750 (4)\">\n\n\t\t\t\t\t\t\t\t\t\t\t\t<span class=\"product-category\">Spray Mixture Preparation<\/span>\n\t\t\t\t\t\t\t\t\t\t\t\t<span class=\"product-title\">Pro Mix Unit<\/span>\n\t\t\t\t\t\t\t\t\t\t<span class=\"product-description\">Rypro\u2019s Pro Mix Units streamline the incorporation of liquid or powder crop protection products and the sprayer refilling process. They feature a dual internal agitation system that ensures spray mixture quality, as well as easy drainage and cleaning of the equipment.<\/span>\n\t\t\t\t\t\t\t\t\t\t<span class=\"btn btn-primary-reverse btn-rounded\">View products <i class=\"icon-arrow-right\"><\/i><\/span>\n\n\t\t\t\t\t\t\t\t\t\t\t\t\t\t\t\t\t\t\t<\/a>\n\t\t\t\t\t\t\t\t\t\t\t\t\t\t\t\t\t        \n                                <\/div>\n\n                            <\/div>\n    \n    \n\t\t    \n\t\t\t\t\t\t\t<div class=\"swiper-slide\">\n\n                                <div class=\"product--item\">                                    \n\n\t\t\t\t\t\t\t\t\t\t\t\t\t\t\t\t\t\t\t\t\t\t\t\t\t\t\t<a href=\"https:\/\/rypro.com.br\/en\/produto\/nautical-line\/\" target=\"_blank\" title=\"Nautical Line\">\n\t\t\t\t\t\t\t\t\t\n\t\t\t\t\t\t\t\t\t\t<img decoding=\"async\" src=\"https:\/\/rypro.com.br\/wp-content\/uploads\/2025\/03\/rypro.com.br-caixa-multiuso-barco-lake-1024x791.png\" alt=\"Barco Lake\">\n\n\t\t\t\t\t\t\t\t\t\t\t\t<span class=\"product-category\">Other Products<\/span>\n\t\t\t\t\t\t\t\t\t\t\t\t<span class=\"product-title\">Nautical Line<\/span>\n\t\t\t\t\t\t\t\t\t\t<span class=\"product-description\">Standard Items: Double-hull polyethylene boat Storage compartment Multipurpose handle Optional Items: Motor: 12V electric Simple&hellip;<\/span>\n\t\t\t\t\t\t\t\t\t\t<span class=\"btn btn-primary-reverse btn-rounded\">View products <i class=\"icon-arrow-right\"><\/i><\/span>\n\n\t\t\t\t\t\t\t\t\t\t\t\t\t\t\t\t\t\t\t<\/a>\n\t\t\t\t\t\t\t\t\t\t\t\t\t\t\t\t\t        \n                                <\/div>\n\n                            <\/div>\n    \n    \n\t\t    \n\t\t\t\t\t\t\t<div class=\"swiper-slide\">\n\n                                <div class=\"product--item\">                                    \n\n\t\t\t\t\t\t\t\t\t\t\t\t\t\t\t\t\t\t\t\t\t\t\t\t\t\t\t<a href=\"https:\/\/rypro.com.br\/en\/produto\/multi-purpose-box\/\" target=\"_blank\" title=\"Multi-Purpose Box\">\n\t\t\t\t\t\t\t\t\t\n\t\t\t\t\t\t\t\t\t\t<img decoding=\"async\" src=\"https:\/\/rypro.com.br\/wp-content\/uploads\/2025\/03\/rypro.com.br-caixa-multiuso-caixa-multiuso-1024x791.png\" alt=\"Caixa Multiuso\">\n\n\t\t\t\t\t\t\t\t\t\t\t\t<span class=\"product-category\">Other Products<\/span>\n\t\t\t\t\t\t\t\t\t\t\t\t<span class=\"product-title\">Multi-Purpose Box<\/span>\n\t\t\t\t\t\t\t\t\t\t<span class=\"product-description\">Standard Items: Polyethylene multi-purpose box Three lids for better inspection and handling of stored products&hellip;<\/span>\n\t\t\t\t\t\t\t\t\t\t<span class=\"btn btn-primary-reverse btn-rounded\">View products <i class=\"icon-arrow-right\"><\/i><\/span>\n\n\t\t\t\t\t\t\t\t\t\t\t\t\t\t\t\t\t\t\t<\/a>\n\t\t\t\t\t\t\t\t\t\t\t\t\t\t\t\t\t        \n                                <\/div>\n\n                            <\/div>\n    \n                                                \n                            \n                        <\/div>\n\n    \n\t\n                    <\/div>\n                    \n    \t\t\t\t\t<div class=\"block--footer\">\n\t\t\t\t\t\t<a class=\"btn btn-primary btn-more\" href=\"#1\">Load more<\/a>\n\t\t\t\t\t\t<a class=\"btn btn-link btn-loading\" style=\"display:none;\" href=\"#\"><i class=\"icon-carregar\"><\/i>Searching<\/a>\n\t\t\t\t\t<\/div>\n\t\n                <\/div>\n\n            <\/div>\n            \n","protected":false},"excerpt":{"rendered":"","protected":false},"author":5,"featured_media":0,"parent":0,"menu_order":0,"comment_status":"closed","ping_status":"closed","template":"","meta":{"_acf_changed":false,"footnotes":""},"class_list":["post-20097","page","type-page","status-publish","hentry"],"acf":[],"yoast_head":"<!-- This site is optimized with the Yoast SEO plugin v27.4 - https:\/\/yoast.com\/product\/yoast-seo-wordpress\/ -->\n<title>Products - Rypro<\/title>\n<meta name=\"robots\" content=\"index, follow, max-snippet:-1, max-image-preview:large, max-video-preview:-1\" \/>\n<link rel=\"canonical\" href=\"https:\/\/rypro.com.br\/en\/products\/\" \/>\n<meta property=\"og:locale\" content=\"en_US\" \/>\n<meta property=\"og:type\" content=\"article\" \/>\n<meta property=\"og:title\" content=\"Products - Rypro\" \/>\n<meta property=\"og:url\" content=\"https:\/\/rypro.com.br\/en\/products\/\" \/>\n<meta property=\"og:site_name\" content=\"Rypro\" \/>\n<meta property=\"article:modified_time\" content=\"2025-10-30T00:13:38+00:00\" \/>\n<meta name=\"twitter:card\" content=\"summary_large_image\" \/>\n<script type=\"application\/ld+json\" class=\"yoast-schema-graph\">{\"@context\":\"https:\\\/\\\/schema.org\",\"@graph\":[{\"@type\":\"WebPage\",\"@id\":\"https:\\\/\\\/rypro.com.br\\\/en\\\/products\\\/\",\"url\":\"https:\\\/\\\/rypro.com.br\\\/en\\\/products\\\/\",\"name\":\"Products - Rypro\",\"isPartOf\":{\"@id\":\"https:\\\/\\\/rypro.com.br\\\/en\\\/#website\"},\"datePublished\":\"2025-06-12T19:36:40+00:00\",\"dateModified\":\"2025-10-30T00:13:38+00:00\",\"breadcrumb\":{\"@id\":\"https:\\\/\\\/rypro.com.br\\\/en\\\/products\\\/#breadcrumb\"},\"inLanguage\":\"en-US\",\"potentialAction\":[{\"@type\":\"ReadAction\",\"target\":[\"https:\\\/\\\/rypro.com.br\\\/en\\\/products\\\/\"]}]},{\"@type\":\"BreadcrumbList\",\"@id\":\"https:\\\/\\\/rypro.com.br\\\/en\\\/products\\\/#breadcrumb\",\"itemListElement\":[{\"@type\":\"ListItem\",\"position\":1,\"name\":\"In\u00edcio\",\"item\":\"https:\\\/\\\/rypro.com.br\\\/en\\\/\"},{\"@type\":\"ListItem\",\"position\":2,\"name\":\"Products\"}]},{\"@type\":\"WebSite\",\"@id\":\"https:\\\/\\\/rypro.com.br\\\/en\\\/#website\",\"url\":\"https:\\\/\\\/rypro.com.br\\\/en\\\/\",\"name\":\"Rypro\",\"description\":\"J\u00e1 estamos na sua lavoura! Rypro \u2013 uma marca do grupo Rotoplastyc com 25 anos de tradi\u00e7\u00e3o em rotomoldagem, atuando junto \u00e0s principais marcas do agro.\",\"potentialAction\":[{\"@type\":\"SearchAction\",\"target\":{\"@type\":\"EntryPoint\",\"urlTemplate\":\"https:\\\/\\\/rypro.com.br\\\/en\\\/?s={search_term_string}\"},\"query-input\":{\"@type\":\"PropertyValueSpecification\",\"valueRequired\":true,\"valueName\":\"search_term_string\"}}],\"inLanguage\":\"en-US\"}]}<\/script>\n<!-- \/ Yoast SEO plugin. -->","yoast_head_json":{"title":"Products - Rypro","robots":{"index":"index","follow":"follow","max-snippet":"max-snippet:-1","max-image-preview":"max-image-preview:large","max-video-preview":"max-video-preview:-1"},"canonical":"https:\/\/rypro.com.br\/en\/products\/","og_locale":"en_US","og_type":"article","og_title":"Products - Rypro","og_url":"https:\/\/rypro.com.br\/en\/products\/","og_site_name":"Rypro","article_modified_time":"2025-10-30T00:13:38+00:00","twitter_card":"summary_large_image","schema":{"@context":"https:\/\/schema.org","@graph":[{"@type":"WebPage","@id":"https:\/\/rypro.com.br\/en\/products\/","url":"https:\/\/rypro.com.br\/en\/products\/","name":"Products - Rypro","isPartOf":{"@id":"https:\/\/rypro.com.br\/en\/#website"},"datePublished":"2025-06-12T19:36:40+00:00","dateModified":"2025-10-30T00:13:38+00:00","breadcrumb":{"@id":"https:\/\/rypro.com.br\/en\/products\/#breadcrumb"},"inLanguage":"en-US","potentialAction":[{"@type":"ReadAction","target":["https:\/\/rypro.com.br\/en\/products\/"]}]},{"@type":"BreadcrumbList","@id":"https:\/\/rypro.com.br\/en\/products\/#breadcrumb","itemListElement":[{"@type":"ListItem","position":1,"name":"In\u00edcio","item":"https:\/\/rypro.com.br\/en\/"},{"@type":"ListItem","position":2,"name":"Products"}]},{"@type":"WebSite","@id":"https:\/\/rypro.com.br\/en\/#website","url":"https:\/\/rypro.com.br\/en\/","name":"Rypro","description":"J\u00e1 estamos na sua lavoura! Rypro \u2013 uma marca do grupo Rotoplastyc com 25 anos de tradi\u00e7\u00e3o em rotomoldagem, atuando junto \u00e0s principais marcas do agro.","potentialAction":[{"@type":"SearchAction","target":{"@type":"EntryPoint","urlTemplate":"https:\/\/rypro.com.br\/en\/?s={search_term_string}"},"query-input":{"@type":"PropertyValueSpecification","valueRequired":true,"valueName":"search_term_string"}}],"inLanguage":"en-US"}]}},"_links":{"self":[{"href":"https:\/\/rypro.com.br\/en\/wp-json\/wp\/v2\/pages\/20097","targetHints":{"allow":["GET"]}}],"collection":[{"href":"https:\/\/rypro.com.br\/en\/wp-json\/wp\/v2\/pages"}],"about":[{"href":"https:\/\/rypro.com.br\/en\/wp-json\/wp\/v2\/types\/page"}],"author":[{"embeddable":true,"href":"https:\/\/rypro.com.br\/en\/wp-json\/wp\/v2\/users\/5"}],"replies":[{"embeddable":true,"href":"https:\/\/rypro.com.br\/en\/wp-json\/wp\/v2\/comments?post=20097"}],"version-history":[{"count":2,"href":"https:\/\/rypro.com.br\/en\/wp-json\/wp\/v2\/pages\/20097\/revisions"}],"predecessor-version":[{"id":20139,"href":"https:\/\/rypro.com.br\/en\/wp-json\/wp\/v2\/pages\/20097\/revisions\/20139"}],"wp:attachment":[{"href":"https:\/\/rypro.com.br\/en\/wp-json\/wp\/v2\/media?parent=20097"}],"curies":[{"name":"wp","href":"https:\/\/api.w.org\/{rel}","templated":true}]}}