{"id":19457,"date":"2025-02-16T11:38:18","date_gmt":"2025-02-16T14:38:18","guid":{"rendered":"https:\/\/rypro.com.br\/?page_id=19457"},"modified":"2025-06-13T19:13:35","modified_gmt":"2025-06-13T22:13:35","slug":"privacy-policy","status":"publish","type":"page","link":"https:\/\/rypro.com.br\/en\/privacy-policy\/","title":{"rendered":"Privacy Policy"},"content":{"rendered":"\n<div class=\"block--container\">\n\n    <div class=\"container\">\n\n        <div class=\"block--content\">\n        \n            \n\n<h2 class=\"wp-block-heading\">1.INTRODUCTION<\/h2>\n\n\n\n<p>Rotoplastyc is committed to your privacy and the protection of your personal data. Learn how we use the information that may be provided by users when browsing our website.<\/p>\n\n\n\n<p><strong>2. DEFINITIONS<\/strong><\/p>\n\n\n\n<p><strong>What are:<\/strong><\/p>\n\n\n\n<p><strong>Personal Data or \u201cdata\u201d:<\/strong>&nbsp;any information about a natural person who is directly or indirectly identified or identifiable. Examples of personal data include name, CPF (Individual Taxpayer Registration), ID card number, address, telephone number, and email.<\/p>\n\n\n\n<p><strong>Legal Basis:&nbsp;<\/strong>These are the legal grounds defined in the LGPD that authorize us to process Personal Data. They may include your consent, the need to fulfill a contract we have with you, or compliance with a legal obligation, for example.<\/p>\n\n\n\n<p><strong>Data Protection Officer:<\/strong>&nbsp;The person appointed by Rotoplastyc to be responsible for ensuring your rights are respected and for answering any questions regarding the processing of your Personal Data.<\/p>\n\n\n\n<p><strong>General Data Protection Law (LGPD):<\/strong>&nbsp;Law No. 13.709 of August 14, 2018, which governs the processing of personal data, including through digital means, by individuals or legal entities, whether public or private, to protect the fundamental rights of freedom and privacy and the free development of the personality of the natural person.<\/p>\n\n\n\n<p><strong>Data Subject:&nbsp;<\/strong>Any identified or identifiable natural person to whom the Personal Data being processed refers \u2014 for example, our clients and consumers. Processing: The handling, operation, or use of Personal Data under our care, including collection, production, reception, classification, use, access, reproduction, transmission, distribution, processing, storage, archiving, elimination, evaluation or control of information, modification, communication, transfer, dissemination, or extraction, among others.<\/p>\n\n\n\n<p><strong>3. PERSONAL DATA<\/strong><\/p>\n\n\n\n<p><strong>3.1. CONTACT FORM<\/strong><\/p>\n\n\n\n<ul class=\"wp-block-list\">\n<li>Name;<\/li>\n\n\n\n<li>Email;<\/li>\n\n\n\n<li>Phone number;<\/li>\n\n\n\n<li>State;<\/li>\n\n\n\n<li>City;<\/li>\n\n\n\n<li>Message;<\/li>\n\n\n\n<li>I want to talk.<\/li>\n<\/ul>\n\n\n\n<p><strong>3.2. QUOTE REQUEST FORM<\/strong><\/p>\n\n\n\n<ul class=\"wp-block-list\">\n<li>Name;<\/li>\n\n\n\n<li>Email;<\/li>\n\n\n\n<li>Phone number;<\/li>\n\n\n\n<li>State;<\/li>\n\n\n\n<li>City;<\/li>\n\n\n\n<li>Message;<\/li>\n<\/ul>\n\n\n\n<p><strong>3.3. EMAIL MARKETING FORM<\/strong><\/p>\n\n\n\n<ul class=\"wp-block-list\">\n<li>Email;<\/li>\n<\/ul>\n\n\n\n<p><strong>4. DATA STORAGE<\/strong><\/p>\n\n\n\n<p><strong>4.1 ROTOPLASTYC IND\u00daSTRIA DE ROTOMOLDADOS LTDA<\/strong>&nbsp;operates in full compliance with Law No. 13.709-2018 (LGPD) and all other Regulations related to Data Protection and Information Confidentiality when using its autonomous advertising and communication channel (websites and emails). Therefore, both access logs and the registration of clients and business partners are protected and will be used or transferred in accordance with the policies established herein.<\/p>\n\n\n\n<p>4.1.1 \u2013 Rotoplastyc values the privacy and security of its clients\u2019 data. All information provided while browsing the website will be securely stored and used strictly according to the purposes authorized by the user or as required by law.<\/p>\n\n\n\n<p>4.1.2 \u2013 Rotoplastyc ensures that all personal information related to users, clients, and business partners who use its website will be processed in accordance with Law No. 709, dated August 14, 2018 (LGPD), including in cases of data export or correction. When processing data, the company will observe the following principles: I \u2013 respect for privacy; II \u2013 informational self-determination; III \u2013 freedom of expression, information, communication, and opinion; IV \u2013 inviolability of intimacy, honor, and image; V \u2013 economic and technological development and innovation; VI \u2013 free enterprise, free competition, and consumer protection; and VII \u2013 human rights, free development of personality, dignity, and the exercise of citizenship by natural persons.<\/p>\n\n\n\n<p>4.2 Without prejudice to the guarantees mentioned in the previous item (4.1.2), and intending to optimize your browsing experience, Rotoplastyc informs that usage personalization and integration technologies may be used, based on your browsing habits and preferences, such as cookies or \u201ctemporary stories\u201d sent to your browser after accessing our website.<\/p>\n\n\n\n<p>4.2.1 Once the use of personalized integration cookies is authorized, the user acknowledges that, should they wish to cancel or delete these cookies, they must do so directly through their browser settings.<\/p>\n\n\n\n<p>4.2.2 By completing registration on our website, the user agrees to the general terms and the privacy policies mentioned herein and consents to the use of their shared information and exported data by Rotoplastyc in specific marketing campaigns and content.<\/p>\n\n\n\n<p><strong>5. OUR COMMITMENT<\/strong><\/p>\n\n\n\n<p>5.1 Rotoplastyc is committed to your privacy and the security of your data and therefore pledges to protect it. Accordingly, we commit to:<\/p>\n\n\n\n<p><br>a)Using your data strictly for the purposes outlined in our privacy and data protection policy;<br>b)Promptly correcting or deleting your data upon request;<br>c) Not disclosing, publishing, or commercializing user information without the express consent of the data subject;<br>d) Not renting, selling, or, except when required by law, sharing personal data or information with third parties or companies without the prior and express consent of the user.<\/p>\n\n\n\n<p><strong>6. SHARING OF PERSONAL DATA<\/strong><\/p>\n\n\n\n<ul class=\"wp-block-list\">\n<li>Our representatives,<\/li>\n\n\n\n<li>Partner companies, and suppliers in the development of our activities, sale of products, and provision of services;<\/li>\n\n\n\n<li>Marketing and advertising companies, to select and produce ads tailored to your profile, as authorized;<\/li>\n\n\n\n<li>Third-party companies involved in internal process development and website maintenance;<\/li>\n\n\n\n<li>Companies involved in mergers or acquisitions in the context of relevant negotiations;<\/li>\n\n\n\n<li>Public and governmental authorities for compliance with court orders or requests from administrative authorities legally empowered to make such requests.<\/li>\n<\/ul>\n\n\n\n<p><strong>7. FINAL PROVISIONS<\/strong><\/p>\n\n\n\n<p>7.1It is the user\u2019s responsibility to read and accept the provisions of our Privacy Policy before accessing the Rotoplastyc website, as the content may be changed without prior notice.<\/p>\n\n\n\n<p>7.2 If you have any questions regarding this Privacy and Data Protection Policy, or if you identify any errors or noncompliance, please contact us through our INFORMATION CHANNEL at dpo@rotoplastyc.com.br. Updated by Rotoplastyc on February 17, 2023.<\/p>\n\n\n\n<p><strong>Glossary:<\/strong><br>USER \u2013 Client, partner, employee, or third party who accesses the website content and completes a preliminary registration;<br>DATA \u2013 Any personal information (individual or legal entity) that is transferred to Rotoplastyc\u2019s server;<br>COOKIES \u2013 Internet files that temporarily store information about the websites a user visits;<br>REGISTRATION\u2013 Personal identification nformation or personal characteristics provided by the client;<br>INFORMATION CHANNEL \u2013 The contact point or access method for requesting information or withdrawing authorization or consent for data usage.<\/p>\n\n\n\n<p><a href=\"https:\/\/rotoplastyc.com.br\/en\/about-us\/\"><\/a><\/p>\n\n\n\n<a class=\"btn btn-primary btn-rounded\" href=\"https:\/\/rypro.com.br\/pagina-inicial\/\" target=\"_blank\">\n    \n        <i class=\"icon-arrow-right\"><\/i>\n        \n    <span class=\"btn-label\">Conhe\u00e7a a Rypro<\/span>\n\n<\/a>\n\n\n        <\/div>\n\n    <\/div>\n\n<\/div>\n\n\n<h3 class=\"wp-block-heading\"><\/h3>\n","protected":false},"excerpt":{"rendered":"","protected":false},"author":5,"featured_media":0,"parent":0,"menu_order":0,"comment_status":"closed","ping_status":"closed","template":"","meta":{"_acf_changed":false,"footnotes":""},"class_list":["post-19457","page","type-page","status-publish","hentry"],"acf":[],"yoast_head":"<!-- This site is optimized with the Yoast SEO plugin v27.4 - https:\/\/yoast.com\/product\/yoast-seo-wordpress\/ -->\n<title>Privacy Policy - Rypro<\/title>\n<meta name=\"robots\" content=\"index, follow, max-snippet:-1, max-image-preview:large, max-video-preview:-1\" \/>\n<link rel=\"canonical\" href=\"https:\/\/rypro.com.br\/en\/privacy-policy\/\" \/>\n<meta property=\"og:locale\" content=\"en_US\" \/>\n<meta property=\"og:type\" content=\"article\" \/>\n<meta property=\"og:title\" content=\"Privacy Policy - Rypro\" \/>\n<meta property=\"og:url\" content=\"https:\/\/rypro.com.br\/en\/privacy-policy\/\" \/>\n<meta property=\"og:site_name\" content=\"Rypro\" \/>\n<meta property=\"article:modified_time\" content=\"2025-06-13T22:13:35+00:00\" \/>\n<meta name=\"twitter:card\" content=\"summary_large_image\" \/>\n<script type=\"application\/ld+json\" class=\"yoast-schema-graph\">{\"@context\":\"https:\\\/\\\/schema.org\",\"@graph\":[{\"@type\":\"WebPage\",\"@id\":\"https:\\\/\\\/rypro.com.br\\\/en\\\/privacy-policy\\\/\",\"url\":\"https:\\\/\\\/rypro.com.br\\\/en\\\/privacy-policy\\\/\",\"name\":\"Privacy Policy - Rypro\",\"isPartOf\":{\"@id\":\"https:\\\/\\\/rypro.com.br\\\/en\\\/#website\"},\"datePublished\":\"2025-02-16T14:38:18+00:00\",\"dateModified\":\"2025-06-13T22:13:35+00:00\",\"breadcrumb\":{\"@id\":\"https:\\\/\\\/rypro.com.br\\\/en\\\/privacy-policy\\\/#breadcrumb\"},\"inLanguage\":\"en-US\",\"potentialAction\":[{\"@type\":\"ReadAction\",\"target\":[\"https:\\\/\\\/rypro.com.br\\\/en\\\/privacy-policy\\\/\"]}]},{\"@type\":\"BreadcrumbList\",\"@id\":\"https:\\\/\\\/rypro.com.br\\\/en\\\/privacy-policy\\\/#breadcrumb\",\"itemListElement\":[{\"@type\":\"ListItem\",\"position\":1,\"name\":\"In\u00edcio\",\"item\":\"https:\\\/\\\/rypro.com.br\\\/en\\\/\"},{\"@type\":\"ListItem\",\"position\":2,\"name\":\"Privacy Policy\"}]},{\"@type\":\"WebSite\",\"@id\":\"https:\\\/\\\/rypro.com.br\\\/en\\\/#website\",\"url\":\"https:\\\/\\\/rypro.com.br\\\/en\\\/\",\"name\":\"Rypro\",\"description\":\"J\u00e1 estamos na sua lavoura! Rypro \u2013 uma marca do grupo Rotoplastyc com 25 anos de tradi\u00e7\u00e3o em rotomoldagem, atuando junto \u00e0s principais marcas do agro.\",\"potentialAction\":[{\"@type\":\"SearchAction\",\"target\":{\"@type\":\"EntryPoint\",\"urlTemplate\":\"https:\\\/\\\/rypro.com.br\\\/en\\\/?s={search_term_string}\"},\"query-input\":{\"@type\":\"PropertyValueSpecification\",\"valueRequired\":true,\"valueName\":\"search_term_string\"}}],\"inLanguage\":\"en-US\"}]}<\/script>\n<!-- \/ Yoast SEO plugin. -->","yoast_head_json":{"title":"Privacy Policy - Rypro","robots":{"index":"index","follow":"follow","max-snippet":"max-snippet:-1","max-image-preview":"max-image-preview:large","max-video-preview":"max-video-preview:-1"},"canonical":"https:\/\/rypro.com.br\/en\/privacy-policy\/","og_locale":"en_US","og_type":"article","og_title":"Privacy Policy - Rypro","og_url":"https:\/\/rypro.com.br\/en\/privacy-policy\/","og_site_name":"Rypro","article_modified_time":"2025-06-13T22:13:35+00:00","twitter_card":"summary_large_image","schema":{"@context":"https:\/\/schema.org","@graph":[{"@type":"WebPage","@id":"https:\/\/rypro.com.br\/en\/privacy-policy\/","url":"https:\/\/rypro.com.br\/en\/privacy-policy\/","name":"Privacy Policy - Rypro","isPartOf":{"@id":"https:\/\/rypro.com.br\/en\/#website"},"datePublished":"2025-02-16T14:38:18+00:00","dateModified":"2025-06-13T22:13:35+00:00","breadcrumb":{"@id":"https:\/\/rypro.com.br\/en\/privacy-policy\/#breadcrumb"},"inLanguage":"en-US","potentialAction":[{"@type":"ReadAction","target":["https:\/\/rypro.com.br\/en\/privacy-policy\/"]}]},{"@type":"BreadcrumbList","@id":"https:\/\/rypro.com.br\/en\/privacy-policy\/#breadcrumb","itemListElement":[{"@type":"ListItem","position":1,"name":"In\u00edcio","item":"https:\/\/rypro.com.br\/en\/"},{"@type":"ListItem","position":2,"name":"Privacy Policy"}]},{"@type":"WebSite","@id":"https:\/\/rypro.com.br\/en\/#website","url":"https:\/\/rypro.com.br\/en\/","name":"Rypro","description":"J\u00e1 estamos na sua lavoura! Rypro \u2013 uma marca do grupo Rotoplastyc com 25 anos de tradi\u00e7\u00e3o em rotomoldagem, atuando junto \u00e0s principais marcas do agro.","potentialAction":[{"@type":"SearchAction","target":{"@type":"EntryPoint","urlTemplate":"https:\/\/rypro.com.br\/en\/?s={search_term_string}"},"query-input":{"@type":"PropertyValueSpecification","valueRequired":true,"valueName":"search_term_string"}}],"inLanguage":"en-US"}]}},"_links":{"self":[{"href":"https:\/\/rypro.com.br\/en\/wp-json\/wp\/v2\/pages\/19457","targetHints":{"allow":["GET"]}}],"collection":[{"href":"https:\/\/rypro.com.br\/en\/wp-json\/wp\/v2\/pages"}],"about":[{"href":"https:\/\/rypro.com.br\/en\/wp-json\/wp\/v2\/types\/page"}],"author":[{"embeddable":true,"href":"https:\/\/rypro.com.br\/en\/wp-json\/wp\/v2\/users\/5"}],"replies":[{"embeddable":true,"href":"https:\/\/rypro.com.br\/en\/wp-json\/wp\/v2\/comments?post=19457"}],"version-history":[{"count":3,"href":"https:\/\/rypro.com.br\/en\/wp-json\/wp\/v2\/pages\/19457\/revisions"}],"predecessor-version":[{"id":20143,"href":"https:\/\/rypro.com.br\/en\/wp-json\/wp\/v2\/pages\/19457\/revisions\/20143"}],"wp:attachment":[{"href":"https:\/\/rypro.com.br\/en\/wp-json\/wp\/v2\/media?parent=19457"}],"curies":[{"name":"wp","href":"https:\/\/api.w.org\/{rel}","templated":true}]}}