{"id":19413,"date":"2025-03-15T21:17:39","date_gmt":"2025-03-16T00:17:39","guid":{"rendered":"https:\/\/rypro.com.br\/?page_id=19413"},"modified":"2025-11-06T11:19:31","modified_gmt":"2025-11-06T14:19:31","slug":"technical-support","status":"publish","type":"page","link":"https:\/\/rypro.com.br\/en\/technical-support\/","title":{"rendered":"Technical Support"},"content":{"rendered":"\n\t\t\t<div id=\"technical-support\" class=\"block block--page-heading  heading-image  \" >\n\n                <div class=\"container\">                                         \n\n                    \n                                           \n                    <h1 class=\"block--title\">Technical Support<\/h1>     \n                                            \n\n                                            \n\n                                                                   \n                    <p>Learn more about our exchange policy, warranty terms, and conditions.<\/p>\n                    \n                    \n                                        <div class=\"block--image\">\n                        <img decoding=\"async\" src=\"https:\/\/rypro.com.br\/wp-content\/uploads\/2025\/03\/rypro-componentes-title.png\" alt=\"Technical Support\">\n                    <\/div>\n                    \n                <\/div>\n\n            <\/div>\n\n\n<div class=\"wp-block-columns is-layout-flex wp-container-core-columns-is-layout-9d6595d7 wp-block-columns-is-layout-flex\">\n<div class=\"wp-block-column is-layout-flow wp-block-column-is-layout-flow\">\n<p class=\"has-text-align-left\">Our purpose is to simplify and transform the farmer&#8217;s life, making daily tasks in the field easier and driving sustainable growth.<\/p>\n\n\n\n<p class=\"has-text-align-left\"><\/p>\n<\/div>\n\n\n\n<div class=\"wp-block-column is-layout-flow wp-block-column-is-layout-flow\">\n<p>We are committed to efficiency and excellence through products that ensure the perfect mix, save time, and speed up agricultural operations. That is why we are by your side whenever you need technical support or replacement parts under warranty.<\/p>\n<\/div>\n<\/div>\n\n\n\n<div class=\"block--container\">\n\n    <div class=\"container\">\n\n        <div class=\"block--content\">\n        \n            \n\n<a class=\"btn btn-primary btn-rounded\" href=\"https:\/\/api.whatsapp.com\/send?phone=5554997122495&#038;text=Entre+em+contato+conosco+via+WhatsApp.\" target=\"_blank\">\n    \n        <i class=\"icon-arrow-right\"><\/i>\n        \n    <span class=\"btn-label\">Click here to request service.<\/span>\n\n<\/a>\n\n\n<hr class=\"wp-block-separator has-alpha-channel-opacity\"\/>\n\n\n\n<h3 class=\"wp-block-heading\">Exchange Policy<\/h3>\n\n\n\n<h4 class=\"wp-block-heading\">Step-by-step for warranty evaluation requests.<\/h4>\n\n\n\n<p>1st \u2013 Upon identifying the need to request a warranty, please contact the reseller network where the product was purchased or use the Rotoplastyc website. Make sure you have your Rotoplastyc purchase invoice (NF) at hand.<br>2nd \u2013 Complete and submit the form at the bottom of this page with as much information as possible.<br>3rd \u2013 After receiving the request, our After-Sales and Technical Support team will verify the information and issue a replacement item request, opening a service ticket to send you a new part via carrier or factory technician. This request is processed by issuing an invoice with a 90-day payment term.<br>4th \u2013 Upon receiving the new part, the customer or reseller has a maximum of 30 days to send the damaged part to Rotoplastyc via carrier or through a factory technician, as a shipment for warranty analysis.<br>5th \u2013 If the damaged part is not returned within 30 days, the charge for the replacement part will be considered accepted by the customer.<br>6th \u2013 Once received at the factory, the damaged part will undergo a warranty analysis by the quality department. The process will be completed within 60 days.<br>7th \u2013 If the warranty is approved, a warranty invoice will be issued to the customer, and the charge generated on the invoice for the new part, with a 90-day payment term, will be canceled. If the warranty is denied, the original charge will remain.<\/p>\n\n\n\n        <\/div>\n\n    <\/div>\n\n<\/div>\n\n\n<div class=\"block--container\">\n\n    <div class=\"container\">\n\n        <div class=\"block--content\">\n        \n            \n\n<hr class=\"wp-block-separator has-alpha-channel-opacity\"\/>\n\n\n\n<h3 class=\"wp-block-heading\">WARRANTY<\/h3>\n\n\n\n<p>1st \u2013 The warranty is the responsibility of the product\u2019s reseller to their customer. Therefore, it should not be handled directly between the customer and the factory.<br>2nd \u2013 The RESELLER is designated as the first buyer and the CUSTOMER as the second buyer.<br>3rd \u2013 The following conditions are standard and will always be considered when the reseller submits a warranty request for evaluation by ROTOPLASTYC.<\/p>\n\n\n\n<h4 class=\"wp-block-heading\">Warranty Conditions<\/h4>\n\n\n\n<p>a) ROTOPLASTYC provides a warranty period of 1 year for rotomolded items and 6 months for all other items. This period is counted from the date of delivery to the CUSTOMER. Warranty coverage is granted upon presentation of the purchase invoice.<br>b) The warranty covers only defects in materials and\/or manufacturing. Labor, shipping, and other expenses are not covered by this Certificate, as they are the reseller\u2019s responsibility.<br>c) The warranty becomes void if it is found that the defect or damage was caused by improper use of the equipment, disregard for instructions, or operator inexperience.<br>d) Warranty coverage is void if the product has been repaired or modified in workshops that are not part of our authorized reseller network.<br>e) Warranty is also void for parts or components that show defects resulting from the improper use of other parts or components not genuine to the product by the user.<br>f) The warranty is also void in cases where the product has suffered any type of negligence that compromises its safety, as judged by the company, whose decision in such cases is final.<br>g) Manufacturing and\/or material defects covered under this warranty shall, under no circumstances, be grounds for the termination of the purchase agreement or for compensation of any kind.<\/p>\n\n\n\n<h4 class=\"wp-block-heading\"><strong>Design Modifications<\/strong><\/h4>\n\n\n\n<p>ROTOPLASTYC reserves the right to make changes to its product designs and\/or improvements without any obligation to apply these changes to previously manufactured products.<\/p>\n\n\n\n        <\/div>\n\n    <\/div>\n\n<\/div>","protected":false},"excerpt":{"rendered":"<p>Our purpose is to simplify and transform the farmer&#8217;s life, making daily tasks in the field easier and driving sustainable growth. We are committed to efficiency and excellence through products that ensure the perfect mix, save time, and speed up agricultural operations. That is why we are by your side whenever you need technical support [&hellip;]<\/p>\n","protected":false},"author":5,"featured_media":0,"parent":0,"menu_order":0,"comment_status":"closed","ping_status":"closed","template":"","meta":{"_acf_changed":false,"footnotes":""},"class_list":["post-19413","page","type-page","status-publish","hentry"],"acf":[],"yoast_head":"<!-- This site is optimized with the Yoast SEO plugin v27.4 - https:\/\/yoast.com\/product\/yoast-seo-wordpress\/ -->\n<title>Technical Support - Rypro<\/title>\n<meta name=\"robots\" content=\"index, follow, max-snippet:-1, max-image-preview:large, max-video-preview:-1\" \/>\n<link rel=\"canonical\" href=\"https:\/\/rypro.com.br\/en\/technical-support\/\" \/>\n<meta property=\"og:locale\" content=\"en_US\" \/>\n<meta property=\"og:type\" content=\"article\" \/>\n<meta property=\"og:title\" content=\"Technical Support - Rypro\" \/>\n<meta property=\"og:description\" content=\"Our purpose is to simplify and transform the farmer&#8217;s life, making daily tasks in the field easier and driving sustainable growth. We are committed to efficiency and excellence through products that ensure the perfect mix, save time, and speed up agricultural operations. That is why we are by your side whenever you need technical support [&hellip;]\" \/>\n<meta property=\"og:url\" content=\"https:\/\/rypro.com.br\/en\/technical-support\/\" \/>\n<meta property=\"og:site_name\" content=\"Rypro\" \/>\n<meta property=\"article:modified_time\" content=\"2025-11-06T14:19:31+00:00\" \/>\n<meta name=\"twitter:card\" content=\"summary_large_image\" \/>\n<meta name=\"twitter:label1\" content=\"Est. reading time\" \/>\n\t<meta name=\"twitter:data1\" content=\"4 minutes\" \/>\n<script type=\"application\/ld+json\" class=\"yoast-schema-graph\">{\"@context\":\"https:\\\/\\\/schema.org\",\"@graph\":[{\"@type\":\"WebPage\",\"@id\":\"https:\\\/\\\/rypro.com.br\\\/en\\\/technical-support\\\/\",\"url\":\"https:\\\/\\\/rypro.com.br\\\/en\\\/technical-support\\\/\",\"name\":\"Technical Support - Rypro\",\"isPartOf\":{\"@id\":\"https:\\\/\\\/rypro.com.br\\\/en\\\/#website\"},\"datePublished\":\"2025-03-16T00:17:39+00:00\",\"dateModified\":\"2025-11-06T14:19:31+00:00\",\"breadcrumb\":{\"@id\":\"https:\\\/\\\/rypro.com.br\\\/en\\\/technical-support\\\/#breadcrumb\"},\"inLanguage\":\"en-US\",\"potentialAction\":[{\"@type\":\"ReadAction\",\"target\":[\"https:\\\/\\\/rypro.com.br\\\/en\\\/technical-support\\\/\"]}]},{\"@type\":\"BreadcrumbList\",\"@id\":\"https:\\\/\\\/rypro.com.br\\\/en\\\/technical-support\\\/#breadcrumb\",\"itemListElement\":[{\"@type\":\"ListItem\",\"position\":1,\"name\":\"In\u00edcio\",\"item\":\"https:\\\/\\\/rypro.com.br\\\/en\\\/\"},{\"@type\":\"ListItem\",\"position\":2,\"name\":\"Technical Support\"}]},{\"@type\":\"WebSite\",\"@id\":\"https:\\\/\\\/rypro.com.br\\\/en\\\/#website\",\"url\":\"https:\\\/\\\/rypro.com.br\\\/en\\\/\",\"name\":\"Rypro\",\"description\":\"J\u00e1 estamos na sua lavoura! Rypro \u2013 uma marca do grupo Rotoplastyc com 25 anos de tradi\u00e7\u00e3o em rotomoldagem, atuando junto \u00e0s principais marcas do agro.\",\"potentialAction\":[{\"@type\":\"SearchAction\",\"target\":{\"@type\":\"EntryPoint\",\"urlTemplate\":\"https:\\\/\\\/rypro.com.br\\\/en\\\/?s={search_term_string}\"},\"query-input\":{\"@type\":\"PropertyValueSpecification\",\"valueRequired\":true,\"valueName\":\"search_term_string\"}}],\"inLanguage\":\"en-US\"}]}<\/script>\n<!-- \/ Yoast SEO plugin. -->","yoast_head_json":{"title":"Technical Support - Rypro","robots":{"index":"index","follow":"follow","max-snippet":"max-snippet:-1","max-image-preview":"max-image-preview:large","max-video-preview":"max-video-preview:-1"},"canonical":"https:\/\/rypro.com.br\/en\/technical-support\/","og_locale":"en_US","og_type":"article","og_title":"Technical Support - Rypro","og_description":"Our purpose is to simplify and transform the farmer&#8217;s life, making daily tasks in the field easier and driving sustainable growth. We are committed to efficiency and excellence through products that ensure the perfect mix, save time, and speed up agricultural operations. That is why we are by your side whenever you need technical support [&hellip;]","og_url":"https:\/\/rypro.com.br\/en\/technical-support\/","og_site_name":"Rypro","article_modified_time":"2025-11-06T14:19:31+00:00","twitter_card":"summary_large_image","twitter_misc":{"Est. reading time":"4 minutes"},"schema":{"@context":"https:\/\/schema.org","@graph":[{"@type":"WebPage","@id":"https:\/\/rypro.com.br\/en\/technical-support\/","url":"https:\/\/rypro.com.br\/en\/technical-support\/","name":"Technical Support - Rypro","isPartOf":{"@id":"https:\/\/rypro.com.br\/en\/#website"},"datePublished":"2025-03-16T00:17:39+00:00","dateModified":"2025-11-06T14:19:31+00:00","breadcrumb":{"@id":"https:\/\/rypro.com.br\/en\/technical-support\/#breadcrumb"},"inLanguage":"en-US","potentialAction":[{"@type":"ReadAction","target":["https:\/\/rypro.com.br\/en\/technical-support\/"]}]},{"@type":"BreadcrumbList","@id":"https:\/\/rypro.com.br\/en\/technical-support\/#breadcrumb","itemListElement":[{"@type":"ListItem","position":1,"name":"In\u00edcio","item":"https:\/\/rypro.com.br\/en\/"},{"@type":"ListItem","position":2,"name":"Technical Support"}]},{"@type":"WebSite","@id":"https:\/\/rypro.com.br\/en\/#website","url":"https:\/\/rypro.com.br\/en\/","name":"Rypro","description":"J\u00e1 estamos na sua lavoura! Rypro \u2013 uma marca do grupo Rotoplastyc com 25 anos de tradi\u00e7\u00e3o em rotomoldagem, atuando junto \u00e0s principais marcas do agro.","potentialAction":[{"@type":"SearchAction","target":{"@type":"EntryPoint","urlTemplate":"https:\/\/rypro.com.br\/en\/?s={search_term_string}"},"query-input":{"@type":"PropertyValueSpecification","valueRequired":true,"valueName":"search_term_string"}}],"inLanguage":"en-US"}]}},"_links":{"self":[{"href":"https:\/\/rypro.com.br\/en\/wp-json\/wp\/v2\/pages\/19413","targetHints":{"allow":["GET"]}}],"collection":[{"href":"https:\/\/rypro.com.br\/en\/wp-json\/wp\/v2\/pages"}],"about":[{"href":"https:\/\/rypro.com.br\/en\/wp-json\/wp\/v2\/types\/page"}],"author":[{"embeddable":true,"href":"https:\/\/rypro.com.br\/en\/wp-json\/wp\/v2\/users\/5"}],"replies":[{"embeddable":true,"href":"https:\/\/rypro.com.br\/en\/wp-json\/wp\/v2\/comments?post=19413"}],"version-history":[{"count":5,"href":"https:\/\/rypro.com.br\/en\/wp-json\/wp\/v2\/pages\/19413\/revisions"}],"predecessor-version":[{"id":20955,"href":"https:\/\/rypro.com.br\/en\/wp-json\/wp\/v2\/pages\/19413\/revisions\/20955"}],"wp:attachment":[{"href":"https:\/\/rypro.com.br\/en\/wp-json\/wp\/v2\/media?parent=19413"}],"curies":[{"name":"wp","href":"https:\/\/api.w.org\/{rel}","templated":true}]}}