{"id":19406,"date":"2025-03-15T19:20:42","date_gmt":"2025-03-15T22:20:42","guid":{"rendered":"https:\/\/rypro.com.br\/?page_id=19406"},"modified":"2025-06-13T19:07:29","modified_gmt":"2025-06-13T22:07:29","slug":"about-us","status":"publish","type":"page","link":"https:\/\/rypro.com.br\/en\/about-us\/","title":{"rendered":"About us"},"content":{"rendered":"\n\t\t\t<div id=\"we-are-rypro\" class=\"block block--page-heading  heading-image  \" >\n\n                <div class=\"container\">                                         \n\n                    \n                                           \n                    <h1 class=\"block--title\">WE ARE RYPRO<\/h1>     \n                                            \n\n                                            \n\n                    \n                    \n                                        <div class=\"block--image\">\n                        <img decoding=\"async\" src=\"https:\/\/rypro.com.br\/wp-content\/uploads\/2025\/03\/rypro-componentes-title.png\" alt=\"WE ARE RYPRO\">\n                    <\/div>\n                    \n                <\/div>\n\n            <\/div>\n\n\n<div class=\"wp-block-columns is-layout-flex wp-container-core-columns-is-layout-9d6595d7 wp-block-columns-is-layout-flex\">\n<div class=\"wp-block-column is-layout-flow wp-block-column-is-layout-flow\">\n<p class=\"has-text-align-left\">A brand of the Rotoplastyc group, dedicated to offering high-level professional products for the agricultural sector.<\/p>\n<\/div>\n\n\n\n<div class=\"wp-block-column is-layout-flow wp-block-column-is-layout-flow\">\n<p>A product division committed to being a daily partner to producers, setting the standard in spray mixture preparation, transport, and storage of products, liquids, and fuels.<\/p>\n<\/div>\n<\/div>\n\n\n\n<div id=\"content-block_063bb404fc88e04b9a99ab5a535b39df\" class=\"block block--video \">\n    \n    <a data-fancybox=\"video-modal\" data-caption=\"Efficiency that delivers\" href=\"https:\/\/www.youtube.com\/watch?v=aiLdJ8N4waU\">        \n                <span class=\"block--title\">Efficiency that delivers<\/span>\n        \n                <span>Watch our video<\/span>\n        \n        <span class=\"btn btn-primary-reverse btn-rounded\"><i class=\"icon-play\"><\/i> Watch the video<span>         \n    <\/a>    \n\n            \n    <img decoding=\"async\" src=\"https:\/\/rypro.com.br\/wp-content\/uploads\/2025\/03\/rypro-componentes-drone.png\" alt=\"drone\">        \n    \n<\/div>\n\n\n\t\t\t<div id=\"content-block_ac1b2b302784e6428d138e86485d94b0\" class=\"block block--imagecontent content-default content-margin content-reverse \" >\n\n                <div class=\"container\"> \n\n                    <div class=\"block--image \">                        \n                                                <img decoding=\"async\" src=\"https:\/\/rypro.com.br\/wp-content\/uploads\/2025\/03\/rypro-componentes-image-3.png\" alt=\"\">\n                                            <\/div>\n\n                    <div class=\"block--content\"> \n\n                        \n                                                \n\n                                                \n\n                                                                       \n                        <p><strong>Manifesto<\/strong><\/p>\n<p>We understand the value of the land and the dedication of every producer. We are partners in the journey toward more efficient, productive, and sustainable agriculture.<\/p>\n<p>We design each machine to withstand the tests of time and hard work.<\/p>\n<p>More than creating products, we cultivate progress, efficiency, and success. Together, we are transforming agriculture into a new era of productivity and sustainability.<\/p>\n<p><strong>Our Purpose<\/strong><\/p>\n<p>To simplify and transform the farmer&#8217;s life, making daily tasks in the field easier and driving sustainable growth. A commitment to efficiency and excellence through products that ensure the perfect mix, save time, and speed up agricultural operations.<\/p>\n                                             \n                        \n                        \n                                             \n                                                                        \n                    <\/div>\n\n                <\/div>\n\n            <\/div>\n\n\n<div id=\"slides-block_21b362aedad1ca5af6791da9bc13bc94\" class=\"block block--list\">    \n\n    <div class=\"container\">\n\n    \n\n        <div class=\"list-slider swiper\" >\n\n            <div class=\"block--heading\">                        \t\t\t\t\t\t\t\n                            \t\t\t\t\t\t\t\t\t       \n                <h2 class=\"block--title\">Get to Know the Pillars of Our Brand<\/h2>                                            \n                \t\n            <\/div>\n                \n            <div class=\"swiper-wrapper\">\n                \n                <div class=\"swiper-slide\"><\/div>\n\n                                <div class=\"swiper-slide\">\n                    \n                    <div class=\"list--item\">                            \n                    \n                        <div class=\"list--item-image\">\n                         \n                        <img decoding=\"async\" src=\"https:\/\/rypro.com.br\/wp-content\/uploads\/2025\/03\/rypro-rascunho-automatico-ico-eficiencia.png\" alt=\"ico-eficiencia\">\n                                                <\/div>\n                            \n                                                \n                        <h2 class=\"list--item-title\">Efficiency<\/h2>                        \n                        \n                                                \n                        <p>The ability to maximize farmer productivity while reducing time and operational costs.<\/p>\n                                                                                                                                                \n\n                    <\/div> \n\n                <\/div>\n                                <div class=\"swiper-slide\">\n                    \n                    <div class=\"list--item\">                            \n                    \n                        <div class=\"list--item-image\">\n                         \n                        <img decoding=\"async\" src=\"https:\/\/rypro.com.br\/wp-content\/uploads\/2025\/03\/rypro-rascunho-automatico-ico-durabilidade.png\" alt=\"ico-durabilidade\">\n                                                <\/div>\n                            \n                                                \n                        <h2 class=\"list--item-title\">Durability<\/h2>                        \n                        \n                                                \n                        <p>The foundation of our products. Equipment built to last, ensuring operations never stop and production never fails.<\/p>\n                                                                                                                                                \n\n                    <\/div> \n\n                <\/div>\n                                <div class=\"swiper-slide\">\n                    \n                    <div class=\"list--item\">                            \n                    \n                        <div class=\"list--item-image\">\n                         \n                        <img decoding=\"async\" src=\"https:\/\/rypro.com.br\/wp-content\/uploads\/2025\/03\/rypro-rascunho-automatico-ico-agilidade.png\" alt=\"ico-Agilidade\">\n                                                <\/div>\n                            \n                                                \n                        <h2 class=\"list--item-title\">Agility<\/h2>                        \n                        \n                                                \n                        <p>Production and distribution processes that respond quickly to market changes and field conditions.<\/p>\n                                                                                                                                                \n\n                    <\/div> \n\n                <\/div>\n                                <div class=\"swiper-slide\">\n                    \n                    <div class=\"list--item\">                            \n                    \n                        <div class=\"list--item-image\">\n                         \n                        <img decoding=\"async\" src=\"https:\/\/rypro.com.br\/wp-content\/uploads\/2025\/03\/rypro-rascunho-automatico-ico-bomnegocio.png\" alt=\"ico-bomnegocio\">\n                                                <\/div>\n                            \n                                                \n                        <h2 class=\"list--item-title\">Smart Investment<\/h2>                        \n                        \n                                                \n                        <p>Products with exceptional returns. Competitive pricing, operational\u00a0 efficiency, cost reduction, and full warranty and technical suppor.<\/p>\n                                                                                                                                                \n\n                    <\/div> \n\n                <\/div>\n                                <div class=\"swiper-slide\">\n                    \n                    <div class=\"list--item\">                            \n                    \n                        <div class=\"list--item-image\">\n                         \n                        <img decoding=\"async\" src=\"https:\/\/rypro.com.br\/wp-content\/uploads\/2025\/03\/rypro-componentes-ico-inovacao.png\" alt=\"ico-inovacao\">\n                                                <\/div>\n                            \n                                                \n                        <h2 class=\"list--item-title\">Innovation<\/h2>                        \n                        \n                                                \n                        <p>Ongoing research and development to create products that anticipate and meet the emerging needs of farmers.<\/p>\n                                                                                                                                                \n\n                    <\/div> \n\n                <\/div>\n                \n            <\/div>\n\n                        <div class=\"swiper-pagination\"><\/div>\n            \n            \n        <\/div>\n\n    <\/div>\n\n<\/div>        \n\n\n\n<div class=\"block--buttons center\">\n        \n    \n\n<a class=\"btn btn-primary btn-rounded\" href=\"https:\/\/rypro.com.br\/seja-um-parceiro\/\" target=\"_blank\">\n    \n        <i class=\"icon-arrow-right\"><\/i>\n        \n    <span class=\"btn-label\">Become a Partner<\/span>\n\n<\/a>\n\n\n<\/div>\n\n\n\t\t\t<div id=\"careers\" class=\"block block--imagecontent content-default content-margin content-left \" >\n\n                <div class=\"container\"> \n\n                    <div class=\"block--image \">                        \n                                                <img decoding=\"async\" src=\"https:\/\/rypro.com.br\/wp-content\/uploads\/2025\/03\/rypro-componentes-image-2.png\" alt=\"Careers\">\n                                            <\/div>\n\n                    <div class=\"block--content\"> \n\n                        \n                                               \n                        <h2 class=\"block--title\">Careers<\/h2>     \n                                                \n\n                                                \n\n                                                                       \n                        <p>At Rypro, we believe our greatest asset is our people. That\u2019s why we invest in a work environment that fosters collaboration, innovation, and continuous development. We are looking for talented and motivated professionals to join our team and grow with us.<\/p>\n                                             \n                        \n                        \n                                               \n                        <a class=\"btn btn-rounded btn-primary\" href=\"https:\/\/app.jobfy.pro\/rotoplastyc\" target=\"_blank\">                            \n                            Click here and learn more.                                                            <i class=\"icon-arrow-right\"><\/i>\n                                                    <\/a>\n                                             \n                                                                        \n                    <\/div>\n\n                <\/div>\n\n            <\/div>\n\n\n\t\t\t<div class=\"block block--banner background\" id=\"we-are-by-your-side\">\n\n                <div class=\"container\">\n\n                    <div class=\"banner--wrap\">\n\n                        <div class=\"banner--content\">\n                            <h2 class=\"block--title\">We are\u2028by your side<\/h2>\n                        <\/div>\n\n                        <div class=\"banner--content\">\n                            <p style=\"text-align: left;\">Want to know more about Rotoplastyc and the brands that are part of the Group?<\/p>\n\n  \n\t\t\t\t\t\t\t<a href=\"https:\/\/rotoplastyc.com.br\/sobre\/\" target=\"_blank\" title=\"More information\" class=\"btn btn-primary btn-rounded\">                                \n                                More information                                <i class=\"icon-chevron-right\"><\/i>\n                            <\/a>\n                        <\/div>\n\n                <img decoding=\"async\" src=\"https:\/\/rypro.com.br\/wp-content\/uploads\/2025\/03\/rypro-rascunho-automatico-banner-1.png\" alt=\"banner-1\">\n\n                    <\/div>\n\n                <\/div>                \n\n            <\/div>","protected":false},"excerpt":{"rendered":"<p>A brand of the Rotoplastyc group, dedicated to offering high-level professional products for the agricultural sector. A product division committed to being a daily partner to producers, setting the standard in spray mixture preparation, transport, and storage of products, liquids, and fuels.<\/p>\n","protected":false},"author":5,"featured_media":0,"parent":0,"menu_order":0,"comment_status":"closed","ping_status":"closed","template":"","meta":{"_acf_changed":false,"footnotes":""},"class_list":["post-19406","page","type-page","status-publish","hentry"],"acf":[],"yoast_head":"<!-- This site is optimized with the Yoast SEO plugin v27.4 - https:\/\/yoast.com\/product\/yoast-seo-wordpress\/ -->\n<title>About us - Rypro<\/title>\n<meta name=\"robots\" content=\"index, follow, max-snippet:-1, max-image-preview:large, max-video-preview:-1\" \/>\n<link rel=\"canonical\" href=\"https:\/\/rypro.com.br\/en\/about-us\/\" \/>\n<meta property=\"og:locale\" content=\"en_US\" \/>\n<meta property=\"og:type\" content=\"article\" \/>\n<meta property=\"og:title\" content=\"About us - Rypro\" \/>\n<meta property=\"og:description\" content=\"A brand of the Rotoplastyc group, dedicated to offering high-level professional products for the agricultural sector. A product division committed to being a daily partner to producers, setting the standard in spray mixture preparation, transport, and storage of products, liquids, and fuels.\" \/>\n<meta property=\"og:url\" content=\"https:\/\/rypro.com.br\/en\/about-us\/\" \/>\n<meta property=\"og:site_name\" content=\"Rypro\" \/>\n<meta property=\"article:modified_time\" content=\"2025-06-13T22:07:29+00:00\" \/>\n<meta name=\"twitter:card\" content=\"summary_large_image\" \/>\n<meta name=\"twitter:label1\" content=\"Est. reading time\" \/>\n\t<meta name=\"twitter:data1\" content=\"1 minute\" \/>\n<script type=\"application\/ld+json\" class=\"yoast-schema-graph\">{\"@context\":\"https:\\\/\\\/schema.org\",\"@graph\":[{\"@type\":\"WebPage\",\"@id\":\"https:\\\/\\\/rypro.com.br\\\/en\\\/about-us\\\/\",\"url\":\"https:\\\/\\\/rypro.com.br\\\/en\\\/about-us\\\/\",\"name\":\"About us - Rypro\",\"isPartOf\":{\"@id\":\"https:\\\/\\\/rypro.com.br\\\/en\\\/#website\"},\"datePublished\":\"2025-03-15T22:20:42+00:00\",\"dateModified\":\"2025-06-13T22:07:29+00:00\",\"breadcrumb\":{\"@id\":\"https:\\\/\\\/rypro.com.br\\\/en\\\/about-us\\\/#breadcrumb\"},\"inLanguage\":\"en-US\",\"potentialAction\":[{\"@type\":\"ReadAction\",\"target\":[\"https:\\\/\\\/rypro.com.br\\\/en\\\/about-us\\\/\"]}]},{\"@type\":\"BreadcrumbList\",\"@id\":\"https:\\\/\\\/rypro.com.br\\\/en\\\/about-us\\\/#breadcrumb\",\"itemListElement\":[{\"@type\":\"ListItem\",\"position\":1,\"name\":\"In\u00edcio\",\"item\":\"https:\\\/\\\/rypro.com.br\\\/en\\\/\"},{\"@type\":\"ListItem\",\"position\":2,\"name\":\"About us\"}]},{\"@type\":\"WebSite\",\"@id\":\"https:\\\/\\\/rypro.com.br\\\/en\\\/#website\",\"url\":\"https:\\\/\\\/rypro.com.br\\\/en\\\/\",\"name\":\"Rypro\",\"description\":\"J\u00e1 estamos na sua lavoura! Rypro \u2013 uma marca do grupo Rotoplastyc com 25 anos de tradi\u00e7\u00e3o em rotomoldagem, atuando junto \u00e0s principais marcas do agro.\",\"potentialAction\":[{\"@type\":\"SearchAction\",\"target\":{\"@type\":\"EntryPoint\",\"urlTemplate\":\"https:\\\/\\\/rypro.com.br\\\/en\\\/?s={search_term_string}\"},\"query-input\":{\"@type\":\"PropertyValueSpecification\",\"valueRequired\":true,\"valueName\":\"search_term_string\"}}],\"inLanguage\":\"en-US\"}]}<\/script>\n<!-- \/ Yoast SEO plugin. -->","yoast_head_json":{"title":"About us - Rypro","robots":{"index":"index","follow":"follow","max-snippet":"max-snippet:-1","max-image-preview":"max-image-preview:large","max-video-preview":"max-video-preview:-1"},"canonical":"https:\/\/rypro.com.br\/en\/about-us\/","og_locale":"en_US","og_type":"article","og_title":"About us - Rypro","og_description":"A brand of the Rotoplastyc group, dedicated to offering high-level professional products for the agricultural sector. A product division committed to being a daily partner to producers, setting the standard in spray mixture preparation, transport, and storage of products, liquids, and fuels.","og_url":"https:\/\/rypro.com.br\/en\/about-us\/","og_site_name":"Rypro","article_modified_time":"2025-06-13T22:07:29+00:00","twitter_card":"summary_large_image","twitter_misc":{"Est. reading time":"1 minute"},"schema":{"@context":"https:\/\/schema.org","@graph":[{"@type":"WebPage","@id":"https:\/\/rypro.com.br\/en\/about-us\/","url":"https:\/\/rypro.com.br\/en\/about-us\/","name":"About us - Rypro","isPartOf":{"@id":"https:\/\/rypro.com.br\/en\/#website"},"datePublished":"2025-03-15T22:20:42+00:00","dateModified":"2025-06-13T22:07:29+00:00","breadcrumb":{"@id":"https:\/\/rypro.com.br\/en\/about-us\/#breadcrumb"},"inLanguage":"en-US","potentialAction":[{"@type":"ReadAction","target":["https:\/\/rypro.com.br\/en\/about-us\/"]}]},{"@type":"BreadcrumbList","@id":"https:\/\/rypro.com.br\/en\/about-us\/#breadcrumb","itemListElement":[{"@type":"ListItem","position":1,"name":"In\u00edcio","item":"https:\/\/rypro.com.br\/en\/"},{"@type":"ListItem","position":2,"name":"About us"}]},{"@type":"WebSite","@id":"https:\/\/rypro.com.br\/en\/#website","url":"https:\/\/rypro.com.br\/en\/","name":"Rypro","description":"J\u00e1 estamos na sua lavoura! Rypro \u2013 uma marca do grupo Rotoplastyc com 25 anos de tradi\u00e7\u00e3o em rotomoldagem, atuando junto \u00e0s principais marcas do agro.","potentialAction":[{"@type":"SearchAction","target":{"@type":"EntryPoint","urlTemplate":"https:\/\/rypro.com.br\/en\/?s={search_term_string}"},"query-input":{"@type":"PropertyValueSpecification","valueRequired":true,"valueName":"search_term_string"}}],"inLanguage":"en-US"}]}},"_links":{"self":[{"href":"https:\/\/rypro.com.br\/en\/wp-json\/wp\/v2\/pages\/19406","targetHints":{"allow":["GET"]}}],"collection":[{"href":"https:\/\/rypro.com.br\/en\/wp-json\/wp\/v2\/pages"}],"about":[{"href":"https:\/\/rypro.com.br\/en\/wp-json\/wp\/v2\/types\/page"}],"author":[{"embeddable":true,"href":"https:\/\/rypro.com.br\/en\/wp-json\/wp\/v2\/users\/5"}],"replies":[{"embeddable":true,"href":"https:\/\/rypro.com.br\/en\/wp-json\/wp\/v2\/comments?post=19406"}],"version-history":[{"count":5,"href":"https:\/\/rypro.com.br\/en\/wp-json\/wp\/v2\/pages\/19406\/revisions"}],"predecessor-version":[{"id":20134,"href":"https:\/\/rypro.com.br\/en\/wp-json\/wp\/v2\/pages\/19406\/revisions\/20134"}],"wp:attachment":[{"href":"https:\/\/rypro.com.br\/en\/wp-json\/wp\/v2\/media?parent=19406"}],"curies":[{"name":"wp","href":"https:\/\/api.w.org\/{rel}","templated":true}]}}